{"id":20159,"date":"2025-09-26T13:31:12","date_gmt":"2025-09-26T11:31:12","guid":{"rendered":"https:\/\/www.invest-in-toulouse.fr\/services\/success-stories\/op-mobility\/"},"modified":"2025-10-15T15:59:33","modified_gmt":"2025-10-15T13:59:33","slug":"op-mobility","status":"publish","type":"page","link":"https:\/\/www.invest-in-toulouse.fr\/en\/services\/success-stories\/op-mobility\/","title":{"rendered":"OP Mobility"},"content":{"rendered":"\n<div class=\"wp-block-group has-global-padding is-layout-constrained wp-block-group-is-layout-constrained\">\n<h2 class=\"wp-block-heading\">Toulouse, driving software innovation for mobility<\/h2>\n\n\n\n<p>In 2022, OP Mobility (formerly Plastic Omnium) accelerated its shift towards software-defined vehicles by acquiring the ACTIA Power division, based in Toulouse. Since then, the city has become the hub of its software and vehicle electrification development.<\/p>\n\n\n\n<h3 class=\"wp-block-heading\">A strategic turning point for OP Mobility<\/h3>\n\n\n\n<p>In June 2022, OP Mobility signed the acquisition of ACTIA Power for \u20ac52.5 million. This strategic move enabled it to leverage a cutting-edge technology platform for the design of electronic and energy management systems.<\/p>\n\n\n\n<p>At the helm is Alexandre Corjon, Director of Innovation and Software, already recognised for having spearheaded the software shift at Renault. His ambition is to make Toulouse the nerve centre of OP Mobility&#8217;s software and electronics activities.<\/p>\n<\/div>\n\n\n\n<div class=\"wp-block-group has-global-padding is-layout-constrained wp-block-group-is-layout-constrained\">\n<section class=\"wp-block-group pattern-schema-text has-global-padding is-content-justification-center is-layout-constrained wp-block-group-is-layout-constrained\">\n<h2 class=\"wp-block-heading\" style=\"font-style:normal;font-weight:700\">Toulouse, the natural choice for software innovation<\/h2>\n\n\n\n<p><strong>The Toulouse metropolitan area has established itself as a key location for several reasons:<\/strong><\/p>\n\n\n\n<ul class=\"wp-block-list\">\n<li><strong>A pool of electronics and software experts<\/strong> thanks to the legacy of ACTIA and the presence of world-class schools and research centres.<\/li>\n\n\n\n<li><strong>Innovation infrastructure<\/strong>: after several years at CEA Tech in Lab\u00e8ge, in 2024 the team inaugurated new futuristic premises called Le Pyr\u00e9n\u00e9en, designed to house its design office and testing facilities.<\/li>\n\n\n\n<li><strong>An ecosystem focused on the mobility of tomorrow<\/strong>, where Toulouse is confirming its role as a stronghold of the energy and digital transition.<\/li>\n<\/ul>\n<\/section>\n<\/div>\n\n\n\n<div class=\"wp-block-group has-global-padding is-layout-constrained wp-block-group-is-layout-constrained\">\n<h3 class=\"wp-block-heading is-style-h4\">Support from Toulouse Team &#8211; Invest<\/h3>\n\n\n\n<p>Toulouse Team &#8211; Invest closely monitors the progress of the OP Mobility project and maintains a close relationship with its managers. The team ensures regular contact, whether it be to promote the company through initiatives such as <a href=\"https:\/\/www.invest-in-toulouse.fr\/en\/choose-toulouse\/choose-toulouse\/\">Choose Toulouse<\/a> or to facilitate new local partnerships.<\/p>\n\n\n\n<p>This support aims to consolidate OP Mobility&#8217;s long-term presence in Toulouse by supporting its future needs, in particular the establishment of an industrial site for the manufacture of batteries and inverters.<\/p>\n<\/div>\n\n\n\n<div class=\"wp-block-group has-global-padding is-layout-constrained wp-block-group-is-layout-constrained\">\n<h3 class=\"wp-block-heading\">An ambition for sustainable growth<\/h3>\n\n\n\n<p>Today, OP Mobility&#8217;s Toulouse site is home to the OP&#8217;n&#8217;Soft software house, created in 2023. With teams dedicated to electronic design, electric motorisation and software development, this site is set to become a strategic centre for the group.<br>In the medium term, the objective is clear: to reach 150 employees in Toulouse and make the city the driving force behind OP Mobility&#8217;s software and energy innovation.<\/p>\n\n\n\n<div class=\"wp-block-buttons is-layout-flex wp-block-buttons-is-layout-flex\">\n<div class=\"wp-block-button\"><a class=\"wp-block-button__link wp-element-button\" href=\"https:\/\/www.opmobility.com\/fr\/\" target=\"_blank\" rel=\"noreferrer noopener\">OP Mobility<\/a><\/div>\n<\/div>\n<\/div>\n\n\n\n<div class=\"wp-block-group alignfull has-global-padding is-layout-constrained wp-block-group-is-layout-constrained\">\n<section class=\"wp-block-group alignfull pattern-text-image has-background-color has-secondary-background-color has-text-color has-background has-link-color wp-elements-280c1f2f31f825e6af1134117ff1b814 has-global-padding is-layout-constrained wp-block-group-is-layout-constrained\" style=\"padding-top:var(--wp--preset--spacing--x-large);padding-bottom:var(--wp--preset--spacing--x-large)\">\n<div class=\"wp-block-columns are-vertically-aligned-center is-layout-flex wp-container-core-columns-is-layout-28f84493 wp-block-columns-is-layout-flex\">\n<div class=\"wp-block-column is-vertically-aligned-center pattern-text-image__content is-layout-flow wp-block-column-is-layout-flow\">\n<p class=\"is-style-h3-surtitle\">Our support<\/p>\n\n\n\n<p>With its ecosystem of excellence, renowned quality of life and tailor-made support from Toulouse Team &#8211; Invest, the Toulouse metropolitan area is a strategic choice for innovative companies looking to accelerate their development in Europe.<\/p>\n\n\n\n<p>Ready to accelerate your project to set up in Toulouse? Take advantage of the expertise of Toulouse Team &#8211; Invest.<\/p>\n\n\n\n<div class=\"wp-block-buttons is-layout-flex wp-block-buttons-is-layout-flex\">\n<div class=\"wp-block-button is-style-white\"><a class=\"wp-block-button__link wp-element-button\" href=\"https:\/\/www.invest-in-toulouse.fr\/en\/services\/our-support\/\">Toulouse Team &#8211; Invest by your side<\/a><\/div>\n<\/div>\n<\/div>\n\n\n\n<div class=\"wp-block-column is-vertically-aligned-center pattern-text-image__media is-layout-flow wp-block-column-is-layout-flow\">\n<figure data-wp-context=\"{&quot;imageId&quot;:&quot;6a071796d6de2&quot;}\" data-wp-interactive=\"core\/image\" data-wp-key=\"6a071796d6de2\" class=\"wp-block-image size-large is-resized wp-lightbox-container\"><img loading=\"lazy\" decoding=\"async\" width=\"1200\" height=\"1008\" data-wp-class--hide=\"state.isContentHidden\" data-wp-class--show=\"state.isContentVisible\" data-wp-init=\"callbacks.setButtonStyles\" data-wp-on--click=\"actions.showLightbox\" data-wp-on--load=\"callbacks.setButtonStyles\" data-wp-on-window--resize=\"callbacks.setButtonStyles\" src=\"https:\/\/www.invest-in-toulouse.fr\/assets\/uploads\/sites\/7\/2025\/09\/business-accompagnement-1200x1008.jpg\" alt=\"accompagnement\" class=\"wp-image-19732\" style=\"width:380px\" srcset=\"https:\/\/www.invest-in-toulouse.fr\/assets\/uploads\/sites\/7\/2025\/09\/business-accompagnement-1200x1008.jpg 1200w, https:\/\/www.invest-in-toulouse.fr\/assets\/uploads\/sites\/7\/2025\/09\/business-accompagnement-600x504.jpg 600w, https:\/\/www.invest-in-toulouse.fr\/assets\/uploads\/sites\/7\/2025\/09\/business-accompagnement-400x336.jpg 400w, https:\/\/www.invest-in-toulouse.fr\/assets\/uploads\/sites\/7\/2025\/09\/business-accompagnement-768x645.jpg 768w, https:\/\/www.invest-in-toulouse.fr\/assets\/uploads\/sites\/7\/2025\/09\/business-accompagnement.jpg 1429w\" sizes=\"auto, (max-width: 1200px) 100vw, 1200px\" \/><button\n\t\t\tclass=\"lightbox-trigger\"\n\t\t\ttype=\"button\"\n\t\t\taria-haspopup=\"dialog\"\n\t\t\taria-label=\"Enlarge\"\n\t\t\tdata-wp-init=\"callbacks.initTriggerButton\"\n\t\t\tdata-wp-on--click=\"actions.showLightbox\"\n\t\t\tdata-wp-style--right=\"state.imageButtonRight\"\n\t\t\tdata-wp-style--top=\"state.imageButtonTop\"\n\t\t>\n\t\t\t<svg xmlns=\"http:\/\/www.w3.org\/2000\/svg\" width=\"12\" height=\"12\" fill=\"none\" viewBox=\"0 0 12 12\">\n\t\t\t\t<path fill=\"#fff\" d=\"M2 0a2 2 0 0 0-2 2v2h1.5V2a.5.5 0 0 1 .5-.5h2V0H2Zm2 10.5H2a.5.5 0 0 1-.5-.5V8H0v2a2 2 0 0 0 2 2h2v-1.5ZM8 12v-1.5h2a.5.5 0 0 0 .5-.5V8H12v2a2 2 0 0 1-2 2H8Zm2-12a2 2 0 0 1 2 2v2h-1.5V2a.5.5 0 0 0-.5-.5H8V0h2Z\" \/>\n\t\t\t<\/svg>\n\t\t<\/button><figcaption class=\"wp-element-caption\">\u00a9 AdobeStock &#8211; Delmaine Donson<\/figcaption><\/figure>\n<\/div>\n<\/div>\n<\/section>\n<\/div>\n\n\n\n<div class=\"wp-block-group alignfull has-background-highlight-light-background-color has-background has-global-padding is-layout-constrained wp-container-core-group-is-layout-c043b533 wp-block-group-is-layout-constrained\" style=\"padding-top:var(--wp--preset--spacing--x-large);padding-right:var(--wp--preset--spacing--large);padding-bottom:var(--wp--preset--spacing--x-large);padding-left:var(--wp--preset--spacing--large)\">\n<div class=\"wp-block-columns is-layout-flex wp-container-core-columns-is-layout-28f84493 wp-block-columns-is-layout-flex\">\n<div class=\"wp-block-column is-vertically-aligned-center is-layout-flow wp-block-column-is-layout-flow\" style=\"flex-basis:33.33%\">\n<figure data-wp-context=\"{&quot;imageId&quot;:&quot;6a071796d8972&quot;}\" data-wp-interactive=\"core\/image\" data-wp-key=\"6a071796d8972\" class=\"wp-block-image size-full wp-lightbox-container\"><img loading=\"lazy\" decoding=\"async\" width=\"800\" height=\"800\" data-wp-class--hide=\"state.isContentHidden\" data-wp-class--show=\"state.isContentVisible\" data-wp-init=\"callbacks.setButtonStyles\" data-wp-on--click=\"actions.showLightbox\" data-wp-on--load=\"callbacks.setButtonStyles\" data-wp-on-window--resize=\"callbacks.setButtonStyles\" src=\"https:\/\/www.invest-in-toulouse.fr\/assets\/uploads\/sites\/7\/2025\/04\/toulouse-team-invest-julien-toulouse.png\" alt=\"Julien Toulouse - Toulouse Team Invest\" class=\"wp-image-18868\" srcset=\"https:\/\/www.invest-in-toulouse.fr\/assets\/uploads\/sites\/7\/2025\/04\/toulouse-team-invest-julien-toulouse.png 800w, https:\/\/www.invest-in-toulouse.fr\/assets\/uploads\/sites\/7\/2025\/04\/toulouse-team-invest-julien-toulouse-600x600.png 600w, https:\/\/www.invest-in-toulouse.fr\/assets\/uploads\/sites\/7\/2025\/04\/toulouse-team-invest-julien-toulouse-400x400.png 400w, https:\/\/www.invest-in-toulouse.fr\/assets\/uploads\/sites\/7\/2025\/04\/toulouse-team-invest-julien-toulouse-768x768.png 768w\" sizes=\"auto, (max-width: 800px) 100vw, 800px\" \/><button\n\t\t\tclass=\"lightbox-trigger\"\n\t\t\ttype=\"button\"\n\t\t\taria-haspopup=\"dialog\"\n\t\t\taria-label=\"Enlarge\"\n\t\t\tdata-wp-init=\"callbacks.initTriggerButton\"\n\t\t\tdata-wp-on--click=\"actions.showLightbox\"\n\t\t\tdata-wp-style--right=\"state.imageButtonRight\"\n\t\t\tdata-wp-style--top=\"state.imageButtonTop\"\n\t\t>\n\t\t\t<svg xmlns=\"http:\/\/www.w3.org\/2000\/svg\" width=\"12\" height=\"12\" fill=\"none\" viewBox=\"0 0 12 12\">\n\t\t\t\t<path fill=\"#fff\" d=\"M2 0a2 2 0 0 0-2 2v2h1.5V2a.5.5 0 0 1 .5-.5h2V0H2Zm2 10.5H2a.5.5 0 0 1-.5-.5V8H0v2a2 2 0 0 0 2 2h2v-1.5ZM8 12v-1.5h2a.5.5 0 0 0 .5-.5V8H12v2a2 2 0 0 1-2 2H8Zm2-12a2 2 0 0 1 2 2v2h-1.5V2a.5.5 0 0 0-.5-.5H8V0h2Z\" \/>\n\t\t\t<\/svg>\n\t\t<\/button><\/figure>\n<\/div>\n\n\n\n<div class=\"wp-block-column is-vertically-aligned-center is-layout-flow wp-block-column-is-layout-flow\" style=\"flex-basis:66.66%\">\n<p class=\"is-style-h3-surtitle\">Your contact<\/p>\n\n\n\n<h2 class=\"wp-block-heading\">JULIEN TOULOUSE<\/h2>\n\n\n\n<p class=\"is-style-h4-surtitle\">DIGITAL AND MOBILITY SALES ENGINEER<\/p>\n\n\n\n<p><a href=\"mailto:julien.toulouse@toulouse-team.com\">julien.toulouse@toulouse-team.com<\/a><br><a href=\"http:\/\/linkedin.com\/in\/julientoulouse\" target=\"_blank\" rel=\"noreferrer noopener\">@linkedin.com<\/a><br>Tel. +33 5 34 25 58 26<br>Mob. +33 6 46 70 88 39<\/p>\n<\/div>\n<\/div>\n<\/div>\n","protected":false},"excerpt":{"rendered":"<p>Toulouse, driving software innovation for mobility In 2022, OP Mobility (formerly Plastic Omnium) accelerated its shift towards software-defined vehicles by acquiring the ACTIA Power division, based in Toulouse. Since then, the city has become the hub of its software and vehicle electrification development. A strategic turning point for OP Mobility In June 2022, OP Mobility [&hellip;]<\/p>\n","protected":false},"author":14,"featured_media":19905,"parent":20054,"menu_order":0,"comment_status":"closed","ping_status":"closed","template":"templates\/editorial-content.php","meta":{"_acf_changed":true,"footnotes":""},"tags":[221,241],"class_list":["post-20159","page","type-page","status-publish","has-post-thumbnail","hentry","tag-mobilite","tag-mobility"],"acf":[],"yoast_head":"<!-- This site is optimized with the Yoast SEO plugin v27.1.1 - https:\/\/yoast.com\/product\/yoast-seo-wordpress\/ -->\n<title>OP Mobility - Invest in Toulouse<\/title>\n<meta name=\"description\" content=\"In 2022, OP Mobility accelerated its shift towards software-defined vehicles by acquiring the ACTIA Power division, based in Toulouse.\" \/>\n<meta name=\"robots\" content=\"index, follow, max-snippet:-1, max-image-preview:large, max-video-preview:-1\" \/>\n<link rel=\"canonical\" href=\"https:\/\/www.invest-in-toulouse.fr\/en\/services\/success-stories\/op-mobility\/\" \/>\n<meta property=\"og:locale\" content=\"en_US\" \/>\n<meta property=\"og:type\" content=\"article\" \/>\n<meta property=\"og:title\" content=\"OP Mobility - Invest in Toulouse\" \/>\n<meta property=\"og:description\" content=\"In 2022, OP Mobility accelerated its shift towards software-defined vehicles by acquiring the ACTIA Power division, based in Toulouse.\" \/>\n<meta property=\"og:url\" content=\"https:\/\/www.invest-in-toulouse.fr\/en\/services\/success-stories\/op-mobility\/\" \/>\n<meta property=\"og:site_name\" content=\"Invest in Toulouse\" \/>\n<meta property=\"article:modified_time\" content=\"2025-10-15T13:59:33+00:00\" \/>\n<meta property=\"og:image\" content=\"https:\/\/www.invest-in-toulouse.fr\/assets\/uploads\/sites\/7\/2025\/10\/card-op-mobility.jpg\" \/>\n\t<meta property=\"og:image:width\" content=\"798\" \/>\n\t<meta property=\"og:image:height\" content=\"534\" \/>\n\t<meta property=\"og:image:type\" content=\"image\/jpeg\" \/>\n<meta name=\"twitter:card\" content=\"summary_large_image\" \/>\n<meta name=\"twitter:label1\" content=\"Est. reading time\" \/>\n\t<meta name=\"twitter:data1\" content=\"3 minutes\" \/>\n<script type=\"application\/ld+json\" class=\"yoast-schema-graph\">{\"@context\":\"https:\/\/schema.org\",\"@graph\":[{\"@type\":\"WebPage\",\"@id\":\"https:\/\/www.invest-in-toulouse.fr\/en\/services\/success-stories\/op-mobility\/\",\"url\":\"https:\/\/www.invest-in-toulouse.fr\/en\/services\/success-stories\/op-mobility\/\",\"name\":\"OP Mobility - Invest in Toulouse\",\"isPartOf\":{\"@id\":\"https:\/\/www.invest-in-toulouse.fr\/en\/#website\"},\"primaryImageOfPage\":{\"@id\":\"https:\/\/www.invest-in-toulouse.fr\/en\/services\/success-stories\/op-mobility\/#primaryimage\"},\"image\":{\"@id\":\"https:\/\/www.invest-in-toulouse.fr\/en\/services\/success-stories\/op-mobility\/#primaryimage\"},\"thumbnailUrl\":\"https:\/\/www.invest-in-toulouse.fr\/assets\/uploads\/sites\/7\/2025\/10\/card-op-mobility.jpg\",\"datePublished\":\"2025-09-26T11:31:12+00:00\",\"dateModified\":\"2025-10-15T13:59:33+00:00\",\"description\":\"In 2022, OP Mobility accelerated its shift towards software-defined vehicles by acquiring the ACTIA Power division, based in Toulouse.\",\"breadcrumb\":{\"@id\":\"https:\/\/www.invest-in-toulouse.fr\/en\/services\/success-stories\/op-mobility\/#breadcrumb\"},\"inLanguage\":\"en-US\",\"potentialAction\":[{\"@type\":\"ReadAction\",\"target\":[\"https:\/\/www.invest-in-toulouse.fr\/en\/services\/success-stories\/op-mobility\/\"]}]},{\"@type\":\"ImageObject\",\"inLanguage\":\"en-US\",\"@id\":\"https:\/\/www.invest-in-toulouse.fr\/en\/services\/success-stories\/op-mobility\/#primaryimage\",\"url\":\"https:\/\/www.invest-in-toulouse.fr\/assets\/uploads\/sites\/7\/2025\/10\/card-op-mobility.jpg\",\"contentUrl\":\"https:\/\/www.invest-in-toulouse.fr\/assets\/uploads\/sites\/7\/2025\/10\/card-op-mobility.jpg\",\"width\":798,\"height\":534,\"caption\":\"logo OP Mobility\"},{\"@type\":\"BreadcrumbList\",\"@id\":\"https:\/\/www.invest-in-toulouse.fr\/en\/services\/success-stories\/op-mobility\/#breadcrumb\",\"itemListElement\":[{\"@type\":\"ListItem\",\"position\":1,\"name\":\"Homepage\",\"item\":\"https:\/\/www.invest-in-toulouse.fr\/en\/\"},{\"@type\":\"ListItem\",\"position\":2,\"name\":\"Services\",\"item\":\"https:\/\/www.invest-in-toulouse.fr\/en\/services\/\"},{\"@type\":\"ListItem\",\"position\":3,\"name\":\"Success stories\",\"item\":\"https:\/\/www.invest-in-toulouse.fr\/en\/services\/success-stories\/\"},{\"@type\":\"ListItem\",\"position\":4,\"name\":\"OP Mobility\"}]},{\"@type\":\"WebSite\",\"@id\":\"https:\/\/www.invest-in-toulouse.fr\/en\/#website\",\"url\":\"https:\/\/www.invest-in-toulouse.fr\/en\/\",\"name\":\"Invest in Toulouse\",\"description\":\"\",\"publisher\":{\"@id\":\"https:\/\/www.invest-in-toulouse.fr\/en\/#organization\"},\"potentialAction\":[{\"@type\":\"SearchAction\",\"target\":{\"@type\":\"EntryPoint\",\"urlTemplate\":\"https:\/\/www.invest-in-toulouse.fr\/en\/?s={search_term_string}\"},\"query-input\":{\"@type\":\"PropertyValueSpecification\",\"valueRequired\":true,\"valueName\":\"search_term_string\"}}],\"inLanguage\":\"en-US\"},{\"@type\":\"Organization\",\"@id\":\"https:\/\/www.invest-in-toulouse.fr\/en\/#organization\",\"name\":\"Invest in Toulouse\",\"url\":\"https:\/\/www.invest-in-toulouse.fr\/en\/\",\"logo\":{\"@type\":\"ImageObject\",\"inLanguage\":\"en-US\",\"@id\":\"https:\/\/www.invest-in-toulouse.fr\/en\/#\/schema\/logo\/image\/\",\"url\":\"https:\/\/www.invest-in-toulouse.fr\/assets\/uploads\/sites\/7\/2023\/10\/toulouse.svg\",\"contentUrl\":\"https:\/\/www.invest-in-toulouse.fr\/assets\/uploads\/sites\/7\/2023\/10\/toulouse.svg\",\"width\":220,\"height\":61,\"caption\":\"Invest in Toulouse\"},\"image\":{\"@id\":\"https:\/\/www.invest-in-toulouse.fr\/en\/#\/schema\/logo\/image\/\"},\"sameAs\":[\"https:\/\/www.linkedin.com\/company\/toulouseteaminvest\/posts\/?feedView=all-\/\"]}]}<\/script>\n<!-- \/ Yoast SEO plugin. -->","yoast_head_json":{"title":"OP Mobility - Invest in Toulouse","description":"In 2022, OP Mobility accelerated its shift towards software-defined vehicles by acquiring the ACTIA Power division, based in Toulouse.","robots":{"index":"index","follow":"follow","max-snippet":"max-snippet:-1","max-image-preview":"max-image-preview:large","max-video-preview":"max-video-preview:-1"},"canonical":"https:\/\/www.invest-in-toulouse.fr\/en\/services\/success-stories\/op-mobility\/","og_locale":"en_US","og_type":"article","og_title":"OP Mobility - Invest in Toulouse","og_description":"In 2022, OP Mobility accelerated its shift towards software-defined vehicles by acquiring the ACTIA Power division, based in Toulouse.","og_url":"https:\/\/www.invest-in-toulouse.fr\/en\/services\/success-stories\/op-mobility\/","og_site_name":"Invest in Toulouse","article_modified_time":"2025-10-15T13:59:33+00:00","og_image":[{"width":798,"height":534,"url":"https:\/\/www.invest-in-toulouse.fr\/assets\/uploads\/sites\/7\/2025\/10\/card-op-mobility.jpg","type":"image\/jpeg"}],"twitter_card":"summary_large_image","twitter_misc":{"Est. reading time":"3 minutes"},"schema":{"@context":"https:\/\/schema.org","@graph":[{"@type":"WebPage","@id":"https:\/\/www.invest-in-toulouse.fr\/en\/services\/success-stories\/op-mobility\/","url":"https:\/\/www.invest-in-toulouse.fr\/en\/services\/success-stories\/op-mobility\/","name":"OP Mobility - Invest in Toulouse","isPartOf":{"@id":"https:\/\/www.invest-in-toulouse.fr\/en\/#website"},"primaryImageOfPage":{"@id":"https:\/\/www.invest-in-toulouse.fr\/en\/services\/success-stories\/op-mobility\/#primaryimage"},"image":{"@id":"https:\/\/www.invest-in-toulouse.fr\/en\/services\/success-stories\/op-mobility\/#primaryimage"},"thumbnailUrl":"https:\/\/www.invest-in-toulouse.fr\/assets\/uploads\/sites\/7\/2025\/10\/card-op-mobility.jpg","datePublished":"2025-09-26T11:31:12+00:00","dateModified":"2025-10-15T13:59:33+00:00","description":"In 2022, OP Mobility accelerated its shift towards software-defined vehicles by acquiring the ACTIA Power division, based in Toulouse.","breadcrumb":{"@id":"https:\/\/www.invest-in-toulouse.fr\/en\/services\/success-stories\/op-mobility\/#breadcrumb"},"inLanguage":"en-US","potentialAction":[{"@type":"ReadAction","target":["https:\/\/www.invest-in-toulouse.fr\/en\/services\/success-stories\/op-mobility\/"]}]},{"@type":"ImageObject","inLanguage":"en-US","@id":"https:\/\/www.invest-in-toulouse.fr\/en\/services\/success-stories\/op-mobility\/#primaryimage","url":"https:\/\/www.invest-in-toulouse.fr\/assets\/uploads\/sites\/7\/2025\/10\/card-op-mobility.jpg","contentUrl":"https:\/\/www.invest-in-toulouse.fr\/assets\/uploads\/sites\/7\/2025\/10\/card-op-mobility.jpg","width":798,"height":534,"caption":"logo OP Mobility"},{"@type":"BreadcrumbList","@id":"https:\/\/www.invest-in-toulouse.fr\/en\/services\/success-stories\/op-mobility\/#breadcrumb","itemListElement":[{"@type":"ListItem","position":1,"name":"Homepage","item":"https:\/\/www.invest-in-toulouse.fr\/en\/"},{"@type":"ListItem","position":2,"name":"Services","item":"https:\/\/www.invest-in-toulouse.fr\/en\/services\/"},{"@type":"ListItem","position":3,"name":"Success stories","item":"https:\/\/www.invest-in-toulouse.fr\/en\/services\/success-stories\/"},{"@type":"ListItem","position":4,"name":"OP Mobility"}]},{"@type":"WebSite","@id":"https:\/\/www.invest-in-toulouse.fr\/en\/#website","url":"https:\/\/www.invest-in-toulouse.fr\/en\/","name":"Invest in Toulouse","description":"","publisher":{"@id":"https:\/\/www.invest-in-toulouse.fr\/en\/#organization"},"potentialAction":[{"@type":"SearchAction","target":{"@type":"EntryPoint","urlTemplate":"https:\/\/www.invest-in-toulouse.fr\/en\/?s={search_term_string}"},"query-input":{"@type":"PropertyValueSpecification","valueRequired":true,"valueName":"search_term_string"}}],"inLanguage":"en-US"},{"@type":"Organization","@id":"https:\/\/www.invest-in-toulouse.fr\/en\/#organization","name":"Invest in Toulouse","url":"https:\/\/www.invest-in-toulouse.fr\/en\/","logo":{"@type":"ImageObject","inLanguage":"en-US","@id":"https:\/\/www.invest-in-toulouse.fr\/en\/#\/schema\/logo\/image\/","url":"https:\/\/www.invest-in-toulouse.fr\/assets\/uploads\/sites\/7\/2023\/10\/toulouse.svg","contentUrl":"https:\/\/www.invest-in-toulouse.fr\/assets\/uploads\/sites\/7\/2023\/10\/toulouse.svg","width":220,"height":61,"caption":"Invest in Toulouse"},"image":{"@id":"https:\/\/www.invest-in-toulouse.fr\/en\/#\/schema\/logo\/image\/"},"sameAs":["https:\/\/www.linkedin.com\/company\/toulouseteaminvest\/posts\/?feedView=all-\/"]}]}},"_links":{"self":[{"href":"https:\/\/www.invest-in-toulouse.fr\/en\/wp-json\/wp\/v2\/pages\/20159","targetHints":{"allow":["GET"]}}],"collection":[{"href":"https:\/\/www.invest-in-toulouse.fr\/en\/wp-json\/wp\/v2\/pages"}],"about":[{"href":"https:\/\/www.invest-in-toulouse.fr\/en\/wp-json\/wp\/v2\/types\/page"}],"author":[{"embeddable":true,"href":"https:\/\/www.invest-in-toulouse.fr\/en\/wp-json\/wp\/v2\/users\/14"}],"replies":[{"embeddable":true,"href":"https:\/\/www.invest-in-toulouse.fr\/en\/wp-json\/wp\/v2\/comments?post=20159"}],"version-history":[{"count":0,"href":"https:\/\/www.invest-in-toulouse.fr\/en\/wp-json\/wp\/v2\/pages\/20159\/revisions"}],"up":[{"embeddable":true,"href":"https:\/\/www.invest-in-toulouse.fr\/en\/wp-json\/wp\/v2\/pages\/20054"}],"wp:featuredmedia":[{"embeddable":true,"href":"https:\/\/www.invest-in-toulouse.fr\/en\/wp-json\/wp\/v2\/media\/19905"}],"wp:attachment":[{"href":"https:\/\/www.invest-in-toulouse.fr\/en\/wp-json\/wp\/v2\/media?parent=20159"}],"wp:term":[{"taxonomy":"post_tag","embeddable":true,"href":"https:\/\/www.invest-in-toulouse.fr\/en\/wp-json\/wp\/v2\/tags?post=20159"}],"curies":[{"name":"wp","href":"https:\/\/api.w.org\/{rel}","templated":true}]}}