{"id":20161,"date":"2025-09-26T16:14:50","date_gmt":"2025-09-26T14:14:50","guid":{"rendered":"https:\/\/www.invest-in-toulouse.fr\/services\/success-stories\/pangea-aerospace\/"},"modified":"2026-04-24T09:57:11","modified_gmt":"2026-04-24T07:57:11","slug":"pangea-aerospace","status":"publish","type":"page","link":"https:\/\/www.invest-in-toulouse.fr\/en\/services\/success-stories\/pangea-aerospace\/","title":{"rendered":"Pangea Aerospace"},"content":{"rendered":"\n<div class=\"wp-block-group has-global-padding is-layout-constrained wp-block-group-is-layout-constrained\">\n<h2 class=\"wp-block-heading\">Toulouse propels the new generation of space engines<\/h2>\n\n\n\n<p>Based in Toulouse since 2022, Barcelona-based company Pangea Aerospace develops reusable and environmentally friendly space propulsion solutions. Drawing on the Toulouse ecosystem, it is establishing itself as a key player in the new era of European launchers.<\/p>\n\n\n\n<div class=\"wp-block-columns is-layout-flex wp-container-core-columns-is-layout-28f84493 wp-block-columns-is-layout-flex\">\n<div class=\"wp-block-column is-vertically-aligned-center is-layout-flow wp-block-column-is-layout-flow\">\n<h3 class=\"wp-block-heading\">A response to the challenges of space travel<\/h3>\n\n\n\n<p>Pangea Aerospace specialises in the design of reusable engines powered by non-toxic fuels. Its flagship technology is a 3D-printed aerospike engine that combines performance, competitiveness and sustainability.<\/p>\n\n\n\n<p>This positioning meets the needs of the launch vehicle industry, which is seeking greener and more economical solutions.<\/p>\n<\/div>\n\n\n\n<div class=\"wp-block-column is-vertically-aligned-center is-layout-flow wp-block-column-is-layout-flow\">\n<figure class=\"wp-block-embed is-type-video is-provider-youtube wp-block-embed-youtube wp-embed-aspect-16-9 wp-has-aspect-ratio\"><div class=\"wp-block-embed__wrapper\">\n<iframe loading=\"lazy\" title=\"#CHOOSETOULOUSE, \u00e9pisode 11 \u2013 PANGEA AEROSPACE chose Toulouse\" width=\"500\" height=\"281\" src=\"https:\/\/www.youtube.com\/embed\/Vs6RbaOCFWc?feature=oembed\" frameborder=\"0\" allow=\"accelerometer; autoplay; clipboard-write; encrypted-media; gyroscope; picture-in-picture; web-share\" referrerpolicy=\"strict-origin-when-cross-origin\" allowfullscreen><\/iframe>\n<\/div><\/figure>\n<\/div>\n<\/div>\n<\/div>\n\n\n\n<div class=\"wp-block-group has-global-padding is-layout-constrained wp-block-group-is-layout-constrained\">\n<section class=\"wp-block-group pattern-schema-text has-global-padding is-content-justification-center is-layout-constrained wp-block-group-is-layout-constrained\">\n<h2 class=\"wp-block-heading\" style=\"font-style:normal;font-weight:700\">Why Toulouse?<\/h2>\n\n\n\n<p><strong>Founded in Barcelona, the company took an early interest in the French and European launch ecosystem. In 2021, its participation in the SpaceFounders programme (funded by the University of Munich, CNES and the Italian Space Agency) led it to discover Toulouse&#8217;s assets in depth. Several decisive factors influenced their choice:<\/strong><\/p>\n\n\n\n<ul class=\"wp-block-list\">\n<li>The density of the space ecosystem and the proximity of CNES.<\/li>\n\n\n\n<li>An environment conducive to recruiting international talent.<\/li>\n\n\n\n<li>Toulouse&#8217;s national and international recognition in the space sector.<\/li>\n<\/ul>\n<\/section>\n<\/div>\n\n\n\n<div class=\"wp-block-group has-global-padding is-layout-constrained wp-block-group-is-layout-constrained\">\n<h3 class=\"wp-block-heading is-style-h4\">Support from Toulouse Team &#8211; Invest<\/h3>\n\n\n\n<p>Starting in 2022, Toulouse Team Invest orchestrated the integration of Pangea Aerospace:<\/p>\n\n\n\n<ul class=\"wp-block-list\">\n<li>Connections with Aerospace Valley, Destinus, Tech the Moon, and AVL.<\/li>\n\n\n\n<li>Initial hosting at Le District, the Aerospace Valley accelerator.<\/li>\n\n\n\n<li>Comprehensive administrative support via the soft landing programme (banking, solicitors, English-speaking accountants).<\/li>\n\n\n\n<li>Connection with BPI for tailored financing.<\/li>\n\n\n\n<li>Support in finding premises, leading to their move in 2023 to the Now coworking space.<\/li>\n<\/ul>\n<\/div>\n\n\n\n<div class=\"wp-block-group has-global-padding is-layout-constrained wp-block-group-is-layout-constrained\">\n<h3 class=\"wp-block-heading\">A growing presence<\/h3>\n\n\n\n<p>Aujourd\u2019hui, Pangea Aerospace compte pr\u00e8s de 30 collaborateurs dans ses bureaux de Toulouse Aerospace. L\u2019entreprise poursuit sa croissance et multiplie les mises en valeur, notamment avec la production d\u2019<a href=\"https:\/\/youtu.be\/LmFpdiK3Ucg\">une vid\u00e9o de la s\u00e9rie Podium<\/a> et sa participation \u00e0 des \u00e9v\u00e9nements institutionnels, ainsi que sa mise en lumi\u00e8re via le programme <a href=\"https:\/\/www.invest-in-toulouse.fr\/en\/choose-toulouse\/choose-toulouse\/\">Choose Toulouse<\/a> en 2025.<\/p>\n\n\n\n<p>Today, Pangea Aerospace has nearly 30 employees at its Toulouse Aerospace offices. The company continues to grow and increase its visibility, notably with the production of <a href=\"https:\/\/youtu.be\/LmFpdiK3Ucg\" target=\"_blank\" rel=\"noreferrer noopener\">a video for the Podium serie<\/a>s, its participation in institutional events, and its spotlighting through the <a href=\"https:\/\/www.invest-in-toulouse.fr\/en\/choose-toulouse\/choose-toulouse\/\">Choose Toulouse<\/a> programme in 2025.<\/p>\n\n\n\n<div class=\"wp-block-buttons is-layout-flex wp-block-buttons-is-layout-flex\">\n<div class=\"wp-block-button\"><a class=\"wp-block-button__link wp-element-button\" href=\"https:\/\/www.pangeapropulsion.com\/\" target=\"_blank\" rel=\"noreferrer noopener\">Pangea Aerospace<\/a><\/div>\n<\/div>\n<\/div>\n\n\n\n<div class=\"wp-block-group alignfull has-global-padding is-layout-constrained wp-block-group-is-layout-constrained\">\n<section class=\"wp-block-group alignfull pattern-text-image has-background-color has-secondary-background-color has-text-color has-background has-link-color wp-elements-280c1f2f31f825e6af1134117ff1b814 has-global-padding is-layout-constrained wp-block-group-is-layout-constrained\" style=\"padding-top:var(--wp--preset--spacing--x-large);padding-bottom:var(--wp--preset--spacing--x-large)\">\n<div class=\"wp-block-columns are-vertically-aligned-center is-layout-flex wp-container-core-columns-is-layout-28f84493 wp-block-columns-is-layout-flex\">\n<div class=\"wp-block-column is-vertically-aligned-center pattern-text-image__content is-layout-flow wp-block-column-is-layout-flow\">\n<p class=\"is-style-h3-surtitle\">Our support<\/p>\n\n\n\n<p>With its ecosystem of excellence, renowned quality of life and tailor-made support from Toulouse Team &#8211; Invest, the Toulouse metropolitan area is a strategic choice for innovative companies looking to accelerate their development in Europe.<\/p>\n\n\n\n<p>Ready to accelerate your project to set up in Toulouse? Take advantage of the expertise of Toulouse Team &#8211; Invest.<\/p>\n\n\n\n<div class=\"wp-block-buttons is-layout-flex wp-block-buttons-is-layout-flex\">\n<div class=\"wp-block-button is-style-white\"><a class=\"wp-block-button__link wp-element-button\" href=\"https:\/\/www.invest-in-toulouse.fr\/en\/services\/our-support\/\">Toulouse Team &#8211; Invest by your side<\/a><\/div>\n<\/div>\n<\/div>\n\n\n\n<div class=\"wp-block-column is-vertically-aligned-center pattern-text-image__media is-layout-flow wp-block-column-is-layout-flow\">\n<figure data-wp-context=\"{&quot;imageId&quot;:&quot;6a071823ee485&quot;}\" data-wp-interactive=\"core\/image\" data-wp-key=\"6a071823ee485\" class=\"wp-block-image size-large is-resized wp-lightbox-container\"><img loading=\"lazy\" decoding=\"async\" width=\"1200\" height=\"1008\" data-wp-class--hide=\"state.isContentHidden\" data-wp-class--show=\"state.isContentVisible\" data-wp-init=\"callbacks.setButtonStyles\" data-wp-on--click=\"actions.showLightbox\" data-wp-on--load=\"callbacks.setButtonStyles\" data-wp-on-window--resize=\"callbacks.setButtonStyles\" src=\"https:\/\/www.invest-in-toulouse.fr\/assets\/uploads\/sites\/7\/2025\/09\/business-accompagnement-1200x1008.jpg\" alt=\"accompagnement\" class=\"wp-image-19732\" style=\"width:380px\" srcset=\"https:\/\/www.invest-in-toulouse.fr\/assets\/uploads\/sites\/7\/2025\/09\/business-accompagnement-1200x1008.jpg 1200w, https:\/\/www.invest-in-toulouse.fr\/assets\/uploads\/sites\/7\/2025\/09\/business-accompagnement-600x504.jpg 600w, https:\/\/www.invest-in-toulouse.fr\/assets\/uploads\/sites\/7\/2025\/09\/business-accompagnement-400x336.jpg 400w, https:\/\/www.invest-in-toulouse.fr\/assets\/uploads\/sites\/7\/2025\/09\/business-accompagnement-768x645.jpg 768w, https:\/\/www.invest-in-toulouse.fr\/assets\/uploads\/sites\/7\/2025\/09\/business-accompagnement.jpg 1429w\" sizes=\"auto, (max-width: 1200px) 100vw, 1200px\" \/><button\n\t\t\tclass=\"lightbox-trigger\"\n\t\t\ttype=\"button\"\n\t\t\taria-haspopup=\"dialog\"\n\t\t\taria-label=\"Enlarge\"\n\t\t\tdata-wp-init=\"callbacks.initTriggerButton\"\n\t\t\tdata-wp-on--click=\"actions.showLightbox\"\n\t\t\tdata-wp-style--right=\"state.imageButtonRight\"\n\t\t\tdata-wp-style--top=\"state.imageButtonTop\"\n\t\t>\n\t\t\t<svg xmlns=\"http:\/\/www.w3.org\/2000\/svg\" width=\"12\" height=\"12\" fill=\"none\" viewBox=\"0 0 12 12\">\n\t\t\t\t<path fill=\"#fff\" d=\"M2 0a2 2 0 0 0-2 2v2h1.5V2a.5.5 0 0 1 .5-.5h2V0H2Zm2 10.5H2a.5.5 0 0 1-.5-.5V8H0v2a2 2 0 0 0 2 2h2v-1.5ZM8 12v-1.5h2a.5.5 0 0 0 .5-.5V8H12v2a2 2 0 0 1-2 2H8Zm2-12a2 2 0 0 1 2 2v2h-1.5V2a.5.5 0 0 0-.5-.5H8V0h2Z\" \/>\n\t\t\t<\/svg>\n\t\t<\/button><figcaption class=\"wp-element-caption\">\u00a9 AdobeStock &#8211; Delmaine Donson<\/figcaption><\/figure>\n<\/div>\n<\/div>\n<\/section>\n<\/div>\n\n\n\n<div class=\"wp-block-group alignfull has-background-highlight-light-background-color has-background has-global-padding is-layout-constrained wp-container-core-group-is-layout-c043b533 wp-block-group-is-layout-constrained\" style=\"padding-top:var(--wp--preset--spacing--x-large);padding-right:var(--wp--preset--spacing--large);padding-bottom:var(--wp--preset--spacing--x-large);padding-left:var(--wp--preset--spacing--large)\">\n<div class=\"wp-block-columns is-layout-flex wp-container-core-columns-is-layout-28f84493 wp-block-columns-is-layout-flex\">\n<div class=\"wp-block-column is-vertically-aligned-center is-layout-flow wp-block-column-is-layout-flow\" style=\"flex-basis:33.33%\">\n<figure class=\"wp-block-image size-full\"><img loading=\"lazy\" decoding=\"async\" width=\"900\" height=\"900\" src=\"https:\/\/www.invest-in-toulouse.fr\/assets\/uploads\/sites\/7\/2026\/04\/toulouse-team-invest-constant-augustin.png\" alt=\"Constant Augustin - Toulouse Team Invest\" class=\"wp-image-20525\" srcset=\"https:\/\/www.invest-in-toulouse.fr\/assets\/uploads\/sites\/7\/2026\/04\/toulouse-team-invest-constant-augustin.png 900w, https:\/\/www.invest-in-toulouse.fr\/assets\/uploads\/sites\/7\/2026\/04\/toulouse-team-invest-constant-augustin-600x600.png 600w, https:\/\/www.invest-in-toulouse.fr\/assets\/uploads\/sites\/7\/2026\/04\/toulouse-team-invest-constant-augustin-400x400.png 400w, https:\/\/www.invest-in-toulouse.fr\/assets\/uploads\/sites\/7\/2026\/04\/toulouse-team-invest-constant-augustin-768x768.png 768w\" sizes=\"auto, (max-width: 900px) 100vw, 900px\" \/><\/figure>\n<\/div>\n\n\n\n<div class=\"wp-block-column is-vertically-aligned-center is-layout-flow wp-block-column-is-layout-flow\" style=\"flex-basis:66.66%\">\n<p class=\"is-style-h3-surtitle\">Your contact<\/p>\n\n\n\n<h2 class=\"wp-block-heading\">CONSTANT AUGUSTIN<\/h2>\n\n\n\n<p class=\"is-style-h4-surtitle\">Aeronautics &amp; space engineer<\/p>\n\n\n\n<a href=\"mailto:constant.augustin@toulouse-team.com\" title=\"Contactez-moi\" onclick=\"_paq.push(['trackEvent', 'Contact', 'Email Link Click', 'constant.augustin@toulouse-team.com']);\">constant.augustin@toulouse-team.com<\/a>\n\n\n\n<p><a href=\"https:\/\/www.linkedin.com\/in\/constant-augustin\/\" target=\"_blank\" rel=\"noreferrer noopener\">@linkedin.com<\/a><br>Mob. +33 6 29 94 70 60<\/p>\n<\/div>\n<\/div>\n<\/div>\n","protected":false},"excerpt":{"rendered":"<p>Toulouse propels the new generation of space engines Based in Toulouse since 2022, Barcelona-based company Pangea Aerospace develops reusable and environmentally friendly space propulsion solutions. Drawing on the Toulouse ecosystem, it is establishing itself as a key player in the new era of European launchers. A response to the challenges of space travel Pangea Aerospace [&hellip;]<\/p>\n","protected":false},"author":14,"featured_media":19909,"parent":20054,"menu_order":0,"comment_status":"closed","ping_status":"closed","template":"templates\/editorial-content.php","meta":{"_acf_changed":true,"footnotes":""},"tags":[240,226,234],"class_list":["post-20161","page","type-page","status-publish","has-post-thumbnail","hentry","tag-space","tag-spatial"],"acf":[],"yoast_head":"<!-- This site is optimized with the Yoast SEO plugin v27.1.1 - https:\/\/yoast.com\/product\/yoast-seo-wordpress\/ -->\n<title>Pangea Aerospace - Invest in Toulouse<\/title>\n<meta name=\"description\" content=\"Based in Toulouse, Barcelona-based company Pangea Aerospace develops reusable and environmentally friendly propulsion solutions.\" \/>\n<meta name=\"robots\" content=\"index, follow, max-snippet:-1, max-image-preview:large, max-video-preview:-1\" \/>\n<link rel=\"canonical\" href=\"https:\/\/www.invest-in-toulouse.fr\/en\/services\/success-stories\/pangea-aerospace\/\" \/>\n<meta property=\"og:locale\" content=\"en_US\" \/>\n<meta property=\"og:type\" content=\"article\" \/>\n<meta property=\"og:title\" content=\"Pangea Aerospace - Invest in Toulouse\" \/>\n<meta property=\"og:description\" content=\"Based in Toulouse, Barcelona-based company Pangea Aerospace develops reusable and environmentally friendly propulsion solutions.\" \/>\n<meta property=\"og:url\" content=\"https:\/\/www.invest-in-toulouse.fr\/en\/services\/success-stories\/pangea-aerospace\/\" \/>\n<meta property=\"og:site_name\" content=\"Invest in Toulouse\" \/>\n<meta property=\"article:modified_time\" content=\"2026-04-24T07:57:11+00:00\" \/>\n<meta property=\"og:image\" content=\"https:\/\/www.invest-in-toulouse.fr\/assets\/uploads\/sites\/7\/2025\/10\/card-pangea.jpg\" \/>\n\t<meta property=\"og:image:width\" content=\"798\" \/>\n\t<meta property=\"og:image:height\" content=\"534\" \/>\n\t<meta property=\"og:image:type\" content=\"image\/jpeg\" \/>\n<meta name=\"twitter:card\" content=\"summary_large_image\" \/>\n<meta name=\"twitter:label1\" content=\"Est. reading time\" \/>\n\t<meta name=\"twitter:data1\" content=\"3 minutes\" \/>\n<script type=\"application\/ld+json\" class=\"yoast-schema-graph\">{\"@context\":\"https:\/\/schema.org\",\"@graph\":[{\"@type\":\"WebPage\",\"@id\":\"https:\/\/www.invest-in-toulouse.fr\/en\/services\/success-stories\/pangea-aerospace\/\",\"url\":\"https:\/\/www.invest-in-toulouse.fr\/en\/services\/success-stories\/pangea-aerospace\/\",\"name\":\"Pangea Aerospace - Invest in Toulouse\",\"isPartOf\":{\"@id\":\"https:\/\/www.invest-in-toulouse.fr\/en\/#website\"},\"primaryImageOfPage\":{\"@id\":\"https:\/\/www.invest-in-toulouse.fr\/en\/services\/success-stories\/pangea-aerospace\/#primaryimage\"},\"image\":{\"@id\":\"https:\/\/www.invest-in-toulouse.fr\/en\/services\/success-stories\/pangea-aerospace\/#primaryimage\"},\"thumbnailUrl\":\"https:\/\/www.invest-in-toulouse.fr\/assets\/uploads\/sites\/7\/2025\/10\/card-pangea.jpg\",\"datePublished\":\"2025-09-26T14:14:50+00:00\",\"dateModified\":\"2026-04-24T07:57:11+00:00\",\"description\":\"Based in Toulouse, Barcelona-based company Pangea Aerospace develops reusable and environmentally friendly propulsion solutions.\",\"breadcrumb\":{\"@id\":\"https:\/\/www.invest-in-toulouse.fr\/en\/services\/success-stories\/pangea-aerospace\/#breadcrumb\"},\"inLanguage\":\"en-US\",\"potentialAction\":[{\"@type\":\"ReadAction\",\"target\":[\"https:\/\/www.invest-in-toulouse.fr\/en\/services\/success-stories\/pangea-aerospace\/\"]}]},{\"@type\":\"ImageObject\",\"inLanguage\":\"en-US\",\"@id\":\"https:\/\/www.invest-in-toulouse.fr\/en\/services\/success-stories\/pangea-aerospace\/#primaryimage\",\"url\":\"https:\/\/www.invest-in-toulouse.fr\/assets\/uploads\/sites\/7\/2025\/10\/card-pangea.jpg\",\"contentUrl\":\"https:\/\/www.invest-in-toulouse.fr\/assets\/uploads\/sites\/7\/2025\/10\/card-pangea.jpg\",\"width\":798,\"height\":534,\"caption\":\"Logo Pangea\"},{\"@type\":\"BreadcrumbList\",\"@id\":\"https:\/\/www.invest-in-toulouse.fr\/en\/services\/success-stories\/pangea-aerospace\/#breadcrumb\",\"itemListElement\":[{\"@type\":\"ListItem\",\"position\":1,\"name\":\"Homepage\",\"item\":\"https:\/\/www.invest-in-toulouse.fr\/en\/\"},{\"@type\":\"ListItem\",\"position\":2,\"name\":\"Services\",\"item\":\"https:\/\/www.invest-in-toulouse.fr\/en\/services\/\"},{\"@type\":\"ListItem\",\"position\":3,\"name\":\"Success stories\",\"item\":\"https:\/\/www.invest-in-toulouse.fr\/en\/services\/success-stories\/\"},{\"@type\":\"ListItem\",\"position\":4,\"name\":\"Pangea Aerospace\"}]},{\"@type\":\"WebSite\",\"@id\":\"https:\/\/www.invest-in-toulouse.fr\/en\/#website\",\"url\":\"https:\/\/www.invest-in-toulouse.fr\/en\/\",\"name\":\"Invest in Toulouse\",\"description\":\"\",\"publisher\":{\"@id\":\"https:\/\/www.invest-in-toulouse.fr\/en\/#organization\"},\"potentialAction\":[{\"@type\":\"SearchAction\",\"target\":{\"@type\":\"EntryPoint\",\"urlTemplate\":\"https:\/\/www.invest-in-toulouse.fr\/en\/?s={search_term_string}\"},\"query-input\":{\"@type\":\"PropertyValueSpecification\",\"valueRequired\":true,\"valueName\":\"search_term_string\"}}],\"inLanguage\":\"en-US\"},{\"@type\":\"Organization\",\"@id\":\"https:\/\/www.invest-in-toulouse.fr\/en\/#organization\",\"name\":\"Invest in Toulouse\",\"url\":\"https:\/\/www.invest-in-toulouse.fr\/en\/\",\"logo\":{\"@type\":\"ImageObject\",\"inLanguage\":\"en-US\",\"@id\":\"https:\/\/www.invest-in-toulouse.fr\/en\/#\/schema\/logo\/image\/\",\"url\":\"https:\/\/www.invest-in-toulouse.fr\/assets\/uploads\/sites\/7\/2023\/10\/toulouse.svg\",\"contentUrl\":\"https:\/\/www.invest-in-toulouse.fr\/assets\/uploads\/sites\/7\/2023\/10\/toulouse.svg\",\"width\":220,\"height\":61,\"caption\":\"Invest in Toulouse\"},\"image\":{\"@id\":\"https:\/\/www.invest-in-toulouse.fr\/en\/#\/schema\/logo\/image\/\"},\"sameAs\":[\"https:\/\/www.linkedin.com\/company\/toulouseteaminvest\/posts\/?feedView=all-\/\"]}]}<\/script>\n<!-- \/ Yoast SEO plugin. -->","yoast_head_json":{"title":"Pangea Aerospace - Invest in Toulouse","description":"Based in Toulouse, Barcelona-based company Pangea Aerospace develops reusable and environmentally friendly propulsion solutions.","robots":{"index":"index","follow":"follow","max-snippet":"max-snippet:-1","max-image-preview":"max-image-preview:large","max-video-preview":"max-video-preview:-1"},"canonical":"https:\/\/www.invest-in-toulouse.fr\/en\/services\/success-stories\/pangea-aerospace\/","og_locale":"en_US","og_type":"article","og_title":"Pangea Aerospace - Invest in Toulouse","og_description":"Based in Toulouse, Barcelona-based company Pangea Aerospace develops reusable and environmentally friendly propulsion solutions.","og_url":"https:\/\/www.invest-in-toulouse.fr\/en\/services\/success-stories\/pangea-aerospace\/","og_site_name":"Invest in Toulouse","article_modified_time":"2026-04-24T07:57:11+00:00","og_image":[{"width":798,"height":534,"url":"https:\/\/www.invest-in-toulouse.fr\/assets\/uploads\/sites\/7\/2025\/10\/card-pangea.jpg","type":"image\/jpeg"}],"twitter_card":"summary_large_image","twitter_misc":{"Est. reading time":"3 minutes"},"schema":{"@context":"https:\/\/schema.org","@graph":[{"@type":"WebPage","@id":"https:\/\/www.invest-in-toulouse.fr\/en\/services\/success-stories\/pangea-aerospace\/","url":"https:\/\/www.invest-in-toulouse.fr\/en\/services\/success-stories\/pangea-aerospace\/","name":"Pangea Aerospace - Invest in Toulouse","isPartOf":{"@id":"https:\/\/www.invest-in-toulouse.fr\/en\/#website"},"primaryImageOfPage":{"@id":"https:\/\/www.invest-in-toulouse.fr\/en\/services\/success-stories\/pangea-aerospace\/#primaryimage"},"image":{"@id":"https:\/\/www.invest-in-toulouse.fr\/en\/services\/success-stories\/pangea-aerospace\/#primaryimage"},"thumbnailUrl":"https:\/\/www.invest-in-toulouse.fr\/assets\/uploads\/sites\/7\/2025\/10\/card-pangea.jpg","datePublished":"2025-09-26T14:14:50+00:00","dateModified":"2026-04-24T07:57:11+00:00","description":"Based in Toulouse, Barcelona-based company Pangea Aerospace develops reusable and environmentally friendly propulsion solutions.","breadcrumb":{"@id":"https:\/\/www.invest-in-toulouse.fr\/en\/services\/success-stories\/pangea-aerospace\/#breadcrumb"},"inLanguage":"en-US","potentialAction":[{"@type":"ReadAction","target":["https:\/\/www.invest-in-toulouse.fr\/en\/services\/success-stories\/pangea-aerospace\/"]}]},{"@type":"ImageObject","inLanguage":"en-US","@id":"https:\/\/www.invest-in-toulouse.fr\/en\/services\/success-stories\/pangea-aerospace\/#primaryimage","url":"https:\/\/www.invest-in-toulouse.fr\/assets\/uploads\/sites\/7\/2025\/10\/card-pangea.jpg","contentUrl":"https:\/\/www.invest-in-toulouse.fr\/assets\/uploads\/sites\/7\/2025\/10\/card-pangea.jpg","width":798,"height":534,"caption":"Logo Pangea"},{"@type":"BreadcrumbList","@id":"https:\/\/www.invest-in-toulouse.fr\/en\/services\/success-stories\/pangea-aerospace\/#breadcrumb","itemListElement":[{"@type":"ListItem","position":1,"name":"Homepage","item":"https:\/\/www.invest-in-toulouse.fr\/en\/"},{"@type":"ListItem","position":2,"name":"Services","item":"https:\/\/www.invest-in-toulouse.fr\/en\/services\/"},{"@type":"ListItem","position":3,"name":"Success stories","item":"https:\/\/www.invest-in-toulouse.fr\/en\/services\/success-stories\/"},{"@type":"ListItem","position":4,"name":"Pangea Aerospace"}]},{"@type":"WebSite","@id":"https:\/\/www.invest-in-toulouse.fr\/en\/#website","url":"https:\/\/www.invest-in-toulouse.fr\/en\/","name":"Invest in Toulouse","description":"","publisher":{"@id":"https:\/\/www.invest-in-toulouse.fr\/en\/#organization"},"potentialAction":[{"@type":"SearchAction","target":{"@type":"EntryPoint","urlTemplate":"https:\/\/www.invest-in-toulouse.fr\/en\/?s={search_term_string}"},"query-input":{"@type":"PropertyValueSpecification","valueRequired":true,"valueName":"search_term_string"}}],"inLanguage":"en-US"},{"@type":"Organization","@id":"https:\/\/www.invest-in-toulouse.fr\/en\/#organization","name":"Invest in Toulouse","url":"https:\/\/www.invest-in-toulouse.fr\/en\/","logo":{"@type":"ImageObject","inLanguage":"en-US","@id":"https:\/\/www.invest-in-toulouse.fr\/en\/#\/schema\/logo\/image\/","url":"https:\/\/www.invest-in-toulouse.fr\/assets\/uploads\/sites\/7\/2023\/10\/toulouse.svg","contentUrl":"https:\/\/www.invest-in-toulouse.fr\/assets\/uploads\/sites\/7\/2023\/10\/toulouse.svg","width":220,"height":61,"caption":"Invest in Toulouse"},"image":{"@id":"https:\/\/www.invest-in-toulouse.fr\/en\/#\/schema\/logo\/image\/"},"sameAs":["https:\/\/www.linkedin.com\/company\/toulouseteaminvest\/posts\/?feedView=all-\/"]}]}},"_links":{"self":[{"href":"https:\/\/www.invest-in-toulouse.fr\/en\/wp-json\/wp\/v2\/pages\/20161","targetHints":{"allow":["GET"]}}],"collection":[{"href":"https:\/\/www.invest-in-toulouse.fr\/en\/wp-json\/wp\/v2\/pages"}],"about":[{"href":"https:\/\/www.invest-in-toulouse.fr\/en\/wp-json\/wp\/v2\/types\/page"}],"author":[{"embeddable":true,"href":"https:\/\/www.invest-in-toulouse.fr\/en\/wp-json\/wp\/v2\/users\/14"}],"replies":[{"embeddable":true,"href":"https:\/\/www.invest-in-toulouse.fr\/en\/wp-json\/wp\/v2\/comments?post=20161"}],"version-history":[{"count":0,"href":"https:\/\/www.invest-in-toulouse.fr\/en\/wp-json\/wp\/v2\/pages\/20161\/revisions"}],"up":[{"embeddable":true,"href":"https:\/\/www.invest-in-toulouse.fr\/en\/wp-json\/wp\/v2\/pages\/20054"}],"wp:featuredmedia":[{"embeddable":true,"href":"https:\/\/www.invest-in-toulouse.fr\/en\/wp-json\/wp\/v2\/media\/19909"}],"wp:attachment":[{"href":"https:\/\/www.invest-in-toulouse.fr\/en\/wp-json\/wp\/v2\/media?parent=20161"}],"wp:term":[{"taxonomy":"post_tag","embeddable":true,"href":"https:\/\/www.invest-in-toulouse.fr\/en\/wp-json\/wp\/v2\/tags?post=20161"}],"curies":[{"name":"wp","href":"https:\/\/api.w.org\/{rel}","templated":true}]}}