{"id":20192,"date":"2025-10-17T11:48:12","date_gmt":"2025-10-17T09:48:12","guid":{"rendered":"https:\/\/www.invest-in-toulouse.fr\/services\/success-stories\/aviwell\/"},"modified":"2025-10-17T13:57:33","modified_gmt":"2025-10-17T11:57:33","slug":"aviwell","status":"publish","type":"page","link":"https:\/\/www.invest-in-toulouse.fr\/en\/services\/success-stories\/aviwell\/","title":{"rendered":"Aviwell"},"content":{"rendered":"\n<div class=\"wp-block-group has-global-padding is-layout-constrained wp-block-group-is-layout-constrained\">\n<h2 class=\"wp-block-heading\">Toulouse at the heart of the biotech revolution and AI applied to animal health<\/h2>\n\n\n\n<p>Based in Toulouse and Boston, Aviwell is a biotechnology start-up pioneering the use of hybrid artificial intelligence for microbiome discovery. The result of scientific research in Toulouse, it illustrates the union between innovation, sustainable agriculture and animal health, in the service of more responsible food production.<\/p>\n\n\n\n<div class=\"wp-block-columns is-layout-flex wp-container-core-columns-is-layout-28f84493 wp-block-columns-is-layout-flex\">\n<div class=\"wp-block-column is-vertically-aligned-center is-layout-flow wp-block-column-is-layout-flow\">\n<h3 class=\"wp-block-heading\">From research to industrial innovation<\/h3>\n\n\n\n<p>Founded in 2015 in Pailh\u00e8s, in the Gers region of France, by R\u00e9my Burcelin, Director of Research at Inserm, Aviwell was born out of a scientific discovery about the role of microbiota in fat storage in the liver. The idea for a practical application quickly emerged: to develop natural foie gras, without force-feeding, using selected bacteria.<\/p>\n\n\n\n<p>Alongside G\u00e9rard Campistron and G\u00e9rard B\u00e9nard, Aviwell forms a trio of passionate and complementary scientists, combining veterinary expertise, biological research and entrepreneurial vision.<\/p>\n<\/div>\n\n\n\n<div class=\"wp-block-column is-vertically-aligned-center is-layout-flow wp-block-column-is-layout-flow\">\n<figure class=\"wp-block-embed is-type-video is-provider-youtube wp-block-embed-youtube wp-embed-aspect-16-9 wp-has-aspect-ratio\"><div class=\"wp-block-embed__wrapper\">\n<iframe loading=\"lazy\" title=\"#CHOOSETOULOUSE, EPISODE 5 \u2013 Aviwell chose Toulouse\" width=\"500\" height=\"281\" src=\"https:\/\/www.youtube.com\/embed\/RTntrRbbpCI?feature=oembed\" frameborder=\"0\" allow=\"accelerometer; autoplay; clipboard-write; encrypted-media; gyroscope; picture-in-picture; web-share\" referrerpolicy=\"strict-origin-when-cross-origin\" allowfullscreen><\/iframe>\n<\/div><\/figure>\n<\/div>\n<\/div>\n<\/div>\n\n\n\n<div class=\"wp-block-group has-global-padding is-layout-constrained wp-block-group-is-layout-constrained\">\n<section class=\"wp-block-group pattern-schema-text has-global-padding is-content-justification-center is-layout-constrained wp-block-group-is-layout-constrained\">\n<h2 class=\"wp-block-heading\" style=\"font-style:normal;font-weight:700\">Why Toulouse?<\/h2>\n\n\n\n<p><strong>The Aviwell project fits naturally into the Toulouse ecosystem, at the crossroads of biotechnology, agriculture and artificial intelligence:<\/strong><\/p>\n\n\n\n<ul class=\"wp-block-list\">\n<li>A long-standing collaboration with Toulouse White Biotechnology (TWB), initiated in 2017.<\/li>\n\n\n\n<li>Privileged access to cutting-edge technology platforms and infrastructure.<\/li>\n\n\n\n<li>Proximity to major academic players (Inserm, I2MC, University of Toulouse III).<\/li>\n<\/ul>\n\n\n\n<p>This synergy has enabled Aviwell to validate the quality of its ferments and join the TWB consortium, whose values of innovation and sustainability it shares.<\/p>\n<\/section>\n<\/div>\n\n\n\n<div class=\"wp-block-group has-global-padding is-layout-constrained wp-block-group-is-layout-constrained\">\n<h3 class=\"wp-block-heading is-style-h4\">L\u2019accompagnement de Toulouse Team &#8211; Invest<\/h3>\n\n\n\n<p>Toulouse Team &#8211; Invest a accompagn\u00e9 Aviwell d\u00e8s les premi\u00e8res \u00e9tapes de son implantation :<\/p>\n\n\n\n<ul class=\"wp-block-list\">\n<li>Soutien de l\u2019\u00e9quipe softlanding pour le choix et l\u2019installation des premiers locaux au Village by CA.<\/li>\n\n\n\n<li>Mise en relation avec Toulouse White Biotechnology, favorisant la recherche collaborative.<\/li>\n\n\n\n<li>Accompagnement global pour l\u2019int\u00e9gration dans l\u2019\u00e9cosyst\u00e8me r\u00e9gional et l\u2019acc\u00e8s \u00e0 des r\u00e9seaux scientifiques et \u00e9conomiques strat\u00e9giques.<\/li>\n<\/ul>\n<\/div>\n\n\n\n<div class=\"wp-block-group has-global-padding is-layout-constrained wp-block-group-is-layout-constrained\">\n<h3 class=\"wp-block-heading\">Support from Toulouse Team &#8211; Invest<\/h3>\n\n\n\n<p>Toulouse Team &#8211; Invest supported Aviwell from the very beginning of its establishment:<\/p>\n\n\n\n<p>Support from the soft landing team in choosing and setting up its first premises at Le Village by CA.<\/p>\n\n\n\n<p>Introduction to Toulouse White Biotechnology, promoting collaborative research.<\/p>\n\n\n\n<p>Comprehensive support for integration into the regional ecosystem and access to strategic scientific and economic networks.<\/p>\n\n\n\n<div class=\"wp-block-buttons is-layout-flex wp-block-buttons-is-layout-flex\">\n<div class=\"wp-block-button\"><a class=\"wp-block-button__link wp-element-button\" href=\"https:\/\/www.aviwell.fr\/fr\/index.php\" target=\"_blank\" rel=\"noreferrer noopener\">Aviwell<\/a><\/div>\n<\/div>\n<\/div>\n\n\n\n<div class=\"wp-block-group alignfull has-global-padding is-layout-constrained wp-block-group-is-layout-constrained\">\n<section class=\"wp-block-group alignfull pattern-text-image has-background-color has-secondary-background-color has-text-color has-background has-link-color wp-elements-39be959af348bd39425762677b4e6e33 has-global-padding is-layout-constrained wp-block-group-is-layout-constrained\" style=\"padding-top:var(--wp--preset--spacing--x-large);padding-bottom:var(--wp--preset--spacing--x-large)\">\n<div class=\"wp-block-columns are-vertically-aligned-center is-layout-flex wp-container-core-columns-is-layout-28f84493 wp-block-columns-is-layout-flex\">\n<div class=\"wp-block-column is-vertically-aligned-center pattern-text-image__content is-layout-flow wp-block-column-is-layout-flow\">\n<p class=\"is-style-h3-surtitle\">Our support<\/p>\n\n\n\n<p>With its ecosystem of excellence, renowned quality of life and tailor-made support from Toulouse Team &#8211; Invest, the Toulouse metropolitan area is a strategic choice for innovative companies looking to accelerate their development in Europe.<\/p>\n\n\n\n<p>Would you like to set up your business in Toulouse and benefit from personalised support?<\/p>\n\n\n\n<div class=\"wp-block-buttons is-layout-flex wp-block-buttons-is-layout-flex\">\n<div class=\"wp-block-button is-style-white\"><a class=\"wp-block-button__link wp-element-button\" href=\"https:\/\/www.invest-in-toulouse.fr\/en\/services\/our-support\/\">Toulouse Team &#8211; Invest by your side<\/a><\/div>\n<\/div>\n<\/div>\n\n\n\n<div class=\"wp-block-column is-vertically-aligned-center pattern-text-image__media is-layout-flow wp-block-column-is-layout-flow\">\n<figure data-wp-context=\"{&quot;imageId&quot;:&quot;6a071981b8271&quot;}\" data-wp-interactive=\"core\/image\" data-wp-key=\"6a071981b8271\" class=\"wp-block-image size-large is-resized wp-lightbox-container\"><img loading=\"lazy\" decoding=\"async\" width=\"1200\" height=\"1008\" data-wp-class--hide=\"state.isContentHidden\" data-wp-class--show=\"state.isContentVisible\" data-wp-init=\"callbacks.setButtonStyles\" data-wp-on--click=\"actions.showLightbox\" data-wp-on--load=\"callbacks.setButtonStyles\" data-wp-on-window--resize=\"callbacks.setButtonStyles\" src=\"https:\/\/www.invest-in-toulouse.fr\/assets\/uploads\/sites\/7\/2025\/09\/business-accompagnement-1200x1008.jpg\" alt=\"accompagnement\" class=\"wp-image-19732\" style=\"width:380px\" srcset=\"https:\/\/www.invest-in-toulouse.fr\/assets\/uploads\/sites\/7\/2025\/09\/business-accompagnement-1200x1008.jpg 1200w, https:\/\/www.invest-in-toulouse.fr\/assets\/uploads\/sites\/7\/2025\/09\/business-accompagnement-600x504.jpg 600w, https:\/\/www.invest-in-toulouse.fr\/assets\/uploads\/sites\/7\/2025\/09\/business-accompagnement-400x336.jpg 400w, https:\/\/www.invest-in-toulouse.fr\/assets\/uploads\/sites\/7\/2025\/09\/business-accompagnement-768x645.jpg 768w, https:\/\/www.invest-in-toulouse.fr\/assets\/uploads\/sites\/7\/2025\/09\/business-accompagnement.jpg 1429w\" sizes=\"auto, (max-width: 1200px) 100vw, 1200px\" \/><button\n\t\t\tclass=\"lightbox-trigger\"\n\t\t\ttype=\"button\"\n\t\t\taria-haspopup=\"dialog\"\n\t\t\taria-label=\"Enlarge\"\n\t\t\tdata-wp-init=\"callbacks.initTriggerButton\"\n\t\t\tdata-wp-on--click=\"actions.showLightbox\"\n\t\t\tdata-wp-style--right=\"state.imageButtonRight\"\n\t\t\tdata-wp-style--top=\"state.imageButtonTop\"\n\t\t>\n\t\t\t<svg xmlns=\"http:\/\/www.w3.org\/2000\/svg\" width=\"12\" height=\"12\" fill=\"none\" viewBox=\"0 0 12 12\">\n\t\t\t\t<path fill=\"#fff\" d=\"M2 0a2 2 0 0 0-2 2v2h1.5V2a.5.5 0 0 1 .5-.5h2V0H2Zm2 10.5H2a.5.5 0 0 1-.5-.5V8H0v2a2 2 0 0 0 2 2h2v-1.5ZM8 12v-1.5h2a.5.5 0 0 0 .5-.5V8H12v2a2 2 0 0 1-2 2H8Zm2-12a2 2 0 0 1 2 2v2h-1.5V2a.5.5 0 0 0-.5-.5H8V0h2Z\" \/>\n\t\t\t<\/svg>\n\t\t<\/button><figcaption class=\"wp-element-caption\">\u00a9 AdobeStock &#8211; Delmaine Donson<\/figcaption><\/figure>\n<\/div>\n<\/div>\n<\/section>\n<\/div>\n\n\n\n<div class=\"wp-block-group alignfull has-background-highlight-light-background-color has-background has-global-padding is-layout-constrained wp-container-core-group-is-layout-c043b533 wp-block-group-is-layout-constrained\" style=\"padding-top:var(--wp--preset--spacing--x-large);padding-right:var(--wp--preset--spacing--large);padding-bottom:var(--wp--preset--spacing--x-large);padding-left:var(--wp--preset--spacing--large)\">\n<div class=\"wp-block-columns is-layout-flex wp-container-core-columns-is-layout-28f84493 wp-block-columns-is-layout-flex\">\n<div class=\"wp-block-column is-vertically-aligned-center is-layout-flow wp-block-column-is-layout-flow\" style=\"flex-basis:33.33%\">\n<figure data-wp-context=\"{&quot;imageId&quot;:&quot;6a071981b9023&quot;}\" data-wp-interactive=\"core\/image\" data-wp-key=\"6a071981b9023\" class=\"wp-block-image size-full wp-lightbox-container\"><img loading=\"lazy\" decoding=\"async\" width=\"800\" height=\"800\" data-wp-class--hide=\"state.isContentHidden\" data-wp-class--show=\"state.isContentVisible\" data-wp-init=\"callbacks.setButtonStyles\" data-wp-on--click=\"actions.showLightbox\" data-wp-on--load=\"callbacks.setButtonStyles\" data-wp-on-window--resize=\"callbacks.setButtonStyles\" src=\"https:\/\/www.invest-in-toulouse.fr\/assets\/uploads\/sites\/7\/2025\/04\/jennifer-lartigue-toulouse-team.png\" alt=\"Jennifer Lartigue - Toulouse Team Invest\" class=\"wp-image-18866\" srcset=\"https:\/\/www.invest-in-toulouse.fr\/assets\/uploads\/sites\/7\/2025\/04\/jennifer-lartigue-toulouse-team.png 800w, https:\/\/www.invest-in-toulouse.fr\/assets\/uploads\/sites\/7\/2025\/04\/jennifer-lartigue-toulouse-team-600x600.png 600w, https:\/\/www.invest-in-toulouse.fr\/assets\/uploads\/sites\/7\/2025\/04\/jennifer-lartigue-toulouse-team-400x400.png 400w, https:\/\/www.invest-in-toulouse.fr\/assets\/uploads\/sites\/7\/2025\/04\/jennifer-lartigue-toulouse-team-768x768.png 768w\" sizes=\"auto, (max-width: 800px) 100vw, 800px\" \/><button\n\t\t\tclass=\"lightbox-trigger\"\n\t\t\ttype=\"button\"\n\t\t\taria-haspopup=\"dialog\"\n\t\t\taria-label=\"Enlarge\"\n\t\t\tdata-wp-init=\"callbacks.initTriggerButton\"\n\t\t\tdata-wp-on--click=\"actions.showLightbox\"\n\t\t\tdata-wp-style--right=\"state.imageButtonRight\"\n\t\t\tdata-wp-style--top=\"state.imageButtonTop\"\n\t\t>\n\t\t\t<svg xmlns=\"http:\/\/www.w3.org\/2000\/svg\" width=\"12\" height=\"12\" fill=\"none\" viewBox=\"0 0 12 12\">\n\t\t\t\t<path fill=\"#fff\" d=\"M2 0a2 2 0 0 0-2 2v2h1.5V2a.5.5 0 0 1 .5-.5h2V0H2Zm2 10.5H2a.5.5 0 0 1-.5-.5V8H0v2a2 2 0 0 0 2 2h2v-1.5ZM8 12v-1.5h2a.5.5 0 0 0 .5-.5V8H12v2a2 2 0 0 1-2 2H8Zm2-12a2 2 0 0 1 2 2v2h-1.5V2a.5.5 0 0 0-.5-.5H8V0h2Z\" \/>\n\t\t\t<\/svg>\n\t\t<\/button><\/figure>\n<\/div>\n\n\n\n<div class=\"wp-block-column is-vertically-aligned-center is-layout-flow wp-block-column-is-layout-flow\" style=\"flex-basis:66.66%\">\n<p class=\"is-style-h3-surtitle\">Your contact<\/p>\n\n\n\n<h2 class=\"wp-block-heading\">JENNIFER LARTIGUE<\/h2>\n\n\n\n<p class=\"is-style-h4-surtitle\">LIFE SCIENCES SALES ENGINEER<\/p>\n\n\n\n<p><a href=\"mailto:jennifer.lartigue@toulouse-team.com\">jennifer.lartigue@toulouse-team.com<\/a><br><a href=\"http:\/\/linkedin.com\/in\/jennifer-lartigue-750a182a\" target=\"_blank\" rel=\"noreferrer noopener\">@linkedin.com<\/a><br>Tel. +33 5 34 25 58 27 \u2022 Mob. +33 6 27 60 60 46<\/p>\n<\/div>\n<\/div>\n<\/div>\n","protected":false},"excerpt":{"rendered":"<p>Toulouse at the heart of the biotech revolution and AI applied to animal health Based in Toulouse and Boston, Aviwell is a biotechnology start-up pioneering the use of hybrid artificial intelligence for microbiome discovery. The result of scientific research in Toulouse, it illustrates the union between innovation, sustainable agriculture and animal health, in the service [&hellip;]<\/p>\n","protected":false},"author":14,"featured_media":20191,"parent":20054,"menu_order":0,"comment_status":"closed","ping_status":"closed","template":"templates\/editorial-content.php","meta":{"_acf_changed":false,"footnotes":""},"tags":[245],"class_list":["post-20192","page","type-page","status-publish","has-post-thumbnail","hentry","tag-biotech"],"acf":[],"yoast_head":"<!-- This site is optimized with the Yoast SEO plugin v27.1.1 - https:\/\/yoast.com\/product\/yoast-seo-wordpress\/ -->\n<title>Aviwell - Invest in Toulouse<\/title>\n<meta name=\"description\" content=\"Based in Toulouse and Boston, Aviwell is a biotechnology start-up pioneering the use of hybrid artificial intelligence.\" \/>\n<meta name=\"robots\" content=\"index, follow, max-snippet:-1, max-image-preview:large, max-video-preview:-1\" \/>\n<link rel=\"canonical\" href=\"https:\/\/www.invest-in-toulouse.fr\/en\/services\/success-stories\/aviwell\/\" \/>\n<meta property=\"og:locale\" content=\"en_US\" \/>\n<meta property=\"og:type\" content=\"article\" \/>\n<meta property=\"og:title\" content=\"Aviwell - Invest in Toulouse\" \/>\n<meta property=\"og:description\" content=\"Based in Toulouse and Boston, Aviwell is a biotechnology start-up pioneering the use of hybrid artificial intelligence.\" \/>\n<meta property=\"og:url\" content=\"https:\/\/www.invest-in-toulouse.fr\/en\/services\/success-stories\/aviwell\/\" \/>\n<meta property=\"og:site_name\" content=\"Invest in Toulouse\" \/>\n<meta property=\"article:modified_time\" content=\"2025-10-17T11:57:33+00:00\" \/>\n<meta property=\"og:image\" content=\"https:\/\/www.invest-in-toulouse.fr\/assets\/uploads\/sites\/7\/2025\/10\/logo-aviwell-1.jpg\" \/>\n\t<meta property=\"og:image:width\" content=\"798\" \/>\n\t<meta property=\"og:image:height\" content=\"534\" \/>\n\t<meta property=\"og:image:type\" content=\"image\/jpeg\" \/>\n<meta name=\"twitter:card\" content=\"summary_large_image\" \/>\n<meta name=\"twitter:label1\" content=\"Est. reading time\" \/>\n\t<meta name=\"twitter:data1\" content=\"3 minutes\" \/>\n<script type=\"application\/ld+json\" class=\"yoast-schema-graph\">{\"@context\":\"https:\/\/schema.org\",\"@graph\":[{\"@type\":\"WebPage\",\"@id\":\"https:\/\/www.invest-in-toulouse.fr\/en\/services\/success-stories\/aviwell\/\",\"url\":\"https:\/\/www.invest-in-toulouse.fr\/en\/services\/success-stories\/aviwell\/\",\"name\":\"Aviwell - Invest in Toulouse\",\"isPartOf\":{\"@id\":\"https:\/\/www.invest-in-toulouse.fr\/en\/#website\"},\"primaryImageOfPage\":{\"@id\":\"https:\/\/www.invest-in-toulouse.fr\/en\/services\/success-stories\/aviwell\/#primaryimage\"},\"image\":{\"@id\":\"https:\/\/www.invest-in-toulouse.fr\/en\/services\/success-stories\/aviwell\/#primaryimage\"},\"thumbnailUrl\":\"https:\/\/www.invest-in-toulouse.fr\/assets\/uploads\/sites\/7\/2025\/10\/logo-aviwell-1.jpg\",\"datePublished\":\"2025-10-17T09:48:12+00:00\",\"dateModified\":\"2025-10-17T11:57:33+00:00\",\"description\":\"Based in Toulouse and Boston, Aviwell is a biotechnology start-up pioneering the use of hybrid artificial intelligence.\",\"breadcrumb\":{\"@id\":\"https:\/\/www.invest-in-toulouse.fr\/en\/services\/success-stories\/aviwell\/#breadcrumb\"},\"inLanguage\":\"en-US\",\"potentialAction\":[{\"@type\":\"ReadAction\",\"target\":[\"https:\/\/www.invest-in-toulouse.fr\/en\/services\/success-stories\/aviwell\/\"]}]},{\"@type\":\"ImageObject\",\"inLanguage\":\"en-US\",\"@id\":\"https:\/\/www.invest-in-toulouse.fr\/en\/services\/success-stories\/aviwell\/#primaryimage\",\"url\":\"https:\/\/www.invest-in-toulouse.fr\/assets\/uploads\/sites\/7\/2025\/10\/logo-aviwell-1.jpg\",\"contentUrl\":\"https:\/\/www.invest-in-toulouse.fr\/assets\/uploads\/sites\/7\/2025\/10\/logo-aviwell-1.jpg\",\"width\":798,\"height\":534,\"caption\":\"logo Aviwell\"},{\"@type\":\"BreadcrumbList\",\"@id\":\"https:\/\/www.invest-in-toulouse.fr\/en\/services\/success-stories\/aviwell\/#breadcrumb\",\"itemListElement\":[{\"@type\":\"ListItem\",\"position\":1,\"name\":\"Homepage\",\"item\":\"https:\/\/www.invest-in-toulouse.fr\/en\/\"},{\"@type\":\"ListItem\",\"position\":2,\"name\":\"Services\",\"item\":\"https:\/\/www.invest-in-toulouse.fr\/en\/services\/\"},{\"@type\":\"ListItem\",\"position\":3,\"name\":\"Success stories\",\"item\":\"https:\/\/www.invest-in-toulouse.fr\/en\/services\/success-stories\/\"},{\"@type\":\"ListItem\",\"position\":4,\"name\":\"Aviwell\"}]},{\"@type\":\"WebSite\",\"@id\":\"https:\/\/www.invest-in-toulouse.fr\/en\/#website\",\"url\":\"https:\/\/www.invest-in-toulouse.fr\/en\/\",\"name\":\"Invest in Toulouse\",\"description\":\"\",\"publisher\":{\"@id\":\"https:\/\/www.invest-in-toulouse.fr\/en\/#organization\"},\"potentialAction\":[{\"@type\":\"SearchAction\",\"target\":{\"@type\":\"EntryPoint\",\"urlTemplate\":\"https:\/\/www.invest-in-toulouse.fr\/en\/?s={search_term_string}\"},\"query-input\":{\"@type\":\"PropertyValueSpecification\",\"valueRequired\":true,\"valueName\":\"search_term_string\"}}],\"inLanguage\":\"en-US\"},{\"@type\":\"Organization\",\"@id\":\"https:\/\/www.invest-in-toulouse.fr\/en\/#organization\",\"name\":\"Invest in Toulouse\",\"url\":\"https:\/\/www.invest-in-toulouse.fr\/en\/\",\"logo\":{\"@type\":\"ImageObject\",\"inLanguage\":\"en-US\",\"@id\":\"https:\/\/www.invest-in-toulouse.fr\/en\/#\/schema\/logo\/image\/\",\"url\":\"https:\/\/www.invest-in-toulouse.fr\/assets\/uploads\/sites\/7\/2023\/10\/toulouse.svg\",\"contentUrl\":\"https:\/\/www.invest-in-toulouse.fr\/assets\/uploads\/sites\/7\/2023\/10\/toulouse.svg\",\"width\":220,\"height\":61,\"caption\":\"Invest in Toulouse\"},\"image\":{\"@id\":\"https:\/\/www.invest-in-toulouse.fr\/en\/#\/schema\/logo\/image\/\"},\"sameAs\":[\"https:\/\/www.linkedin.com\/company\/toulouseteaminvest\/posts\/?feedView=all-\/\"]}]}<\/script>\n<!-- \/ Yoast SEO plugin. -->","yoast_head_json":{"title":"Aviwell - Invest in Toulouse","description":"Based in Toulouse and Boston, Aviwell is a biotechnology start-up pioneering the use of hybrid artificial intelligence.","robots":{"index":"index","follow":"follow","max-snippet":"max-snippet:-1","max-image-preview":"max-image-preview:large","max-video-preview":"max-video-preview:-1"},"canonical":"https:\/\/www.invest-in-toulouse.fr\/en\/services\/success-stories\/aviwell\/","og_locale":"en_US","og_type":"article","og_title":"Aviwell - Invest in Toulouse","og_description":"Based in Toulouse and Boston, Aviwell is a biotechnology start-up pioneering the use of hybrid artificial intelligence.","og_url":"https:\/\/www.invest-in-toulouse.fr\/en\/services\/success-stories\/aviwell\/","og_site_name":"Invest in Toulouse","article_modified_time":"2025-10-17T11:57:33+00:00","og_image":[{"width":798,"height":534,"url":"https:\/\/www.invest-in-toulouse.fr\/assets\/uploads\/sites\/7\/2025\/10\/logo-aviwell-1.jpg","type":"image\/jpeg"}],"twitter_card":"summary_large_image","twitter_misc":{"Est. reading time":"3 minutes"},"schema":{"@context":"https:\/\/schema.org","@graph":[{"@type":"WebPage","@id":"https:\/\/www.invest-in-toulouse.fr\/en\/services\/success-stories\/aviwell\/","url":"https:\/\/www.invest-in-toulouse.fr\/en\/services\/success-stories\/aviwell\/","name":"Aviwell - Invest in Toulouse","isPartOf":{"@id":"https:\/\/www.invest-in-toulouse.fr\/en\/#website"},"primaryImageOfPage":{"@id":"https:\/\/www.invest-in-toulouse.fr\/en\/services\/success-stories\/aviwell\/#primaryimage"},"image":{"@id":"https:\/\/www.invest-in-toulouse.fr\/en\/services\/success-stories\/aviwell\/#primaryimage"},"thumbnailUrl":"https:\/\/www.invest-in-toulouse.fr\/assets\/uploads\/sites\/7\/2025\/10\/logo-aviwell-1.jpg","datePublished":"2025-10-17T09:48:12+00:00","dateModified":"2025-10-17T11:57:33+00:00","description":"Based in Toulouse and Boston, Aviwell is a biotechnology start-up pioneering the use of hybrid artificial intelligence.","breadcrumb":{"@id":"https:\/\/www.invest-in-toulouse.fr\/en\/services\/success-stories\/aviwell\/#breadcrumb"},"inLanguage":"en-US","potentialAction":[{"@type":"ReadAction","target":["https:\/\/www.invest-in-toulouse.fr\/en\/services\/success-stories\/aviwell\/"]}]},{"@type":"ImageObject","inLanguage":"en-US","@id":"https:\/\/www.invest-in-toulouse.fr\/en\/services\/success-stories\/aviwell\/#primaryimage","url":"https:\/\/www.invest-in-toulouse.fr\/assets\/uploads\/sites\/7\/2025\/10\/logo-aviwell-1.jpg","contentUrl":"https:\/\/www.invest-in-toulouse.fr\/assets\/uploads\/sites\/7\/2025\/10\/logo-aviwell-1.jpg","width":798,"height":534,"caption":"logo Aviwell"},{"@type":"BreadcrumbList","@id":"https:\/\/www.invest-in-toulouse.fr\/en\/services\/success-stories\/aviwell\/#breadcrumb","itemListElement":[{"@type":"ListItem","position":1,"name":"Homepage","item":"https:\/\/www.invest-in-toulouse.fr\/en\/"},{"@type":"ListItem","position":2,"name":"Services","item":"https:\/\/www.invest-in-toulouse.fr\/en\/services\/"},{"@type":"ListItem","position":3,"name":"Success stories","item":"https:\/\/www.invest-in-toulouse.fr\/en\/services\/success-stories\/"},{"@type":"ListItem","position":4,"name":"Aviwell"}]},{"@type":"WebSite","@id":"https:\/\/www.invest-in-toulouse.fr\/en\/#website","url":"https:\/\/www.invest-in-toulouse.fr\/en\/","name":"Invest in Toulouse","description":"","publisher":{"@id":"https:\/\/www.invest-in-toulouse.fr\/en\/#organization"},"potentialAction":[{"@type":"SearchAction","target":{"@type":"EntryPoint","urlTemplate":"https:\/\/www.invest-in-toulouse.fr\/en\/?s={search_term_string}"},"query-input":{"@type":"PropertyValueSpecification","valueRequired":true,"valueName":"search_term_string"}}],"inLanguage":"en-US"},{"@type":"Organization","@id":"https:\/\/www.invest-in-toulouse.fr\/en\/#organization","name":"Invest in Toulouse","url":"https:\/\/www.invest-in-toulouse.fr\/en\/","logo":{"@type":"ImageObject","inLanguage":"en-US","@id":"https:\/\/www.invest-in-toulouse.fr\/en\/#\/schema\/logo\/image\/","url":"https:\/\/www.invest-in-toulouse.fr\/assets\/uploads\/sites\/7\/2023\/10\/toulouse.svg","contentUrl":"https:\/\/www.invest-in-toulouse.fr\/assets\/uploads\/sites\/7\/2023\/10\/toulouse.svg","width":220,"height":61,"caption":"Invest in Toulouse"},"image":{"@id":"https:\/\/www.invest-in-toulouse.fr\/en\/#\/schema\/logo\/image\/"},"sameAs":["https:\/\/www.linkedin.com\/company\/toulouseteaminvest\/posts\/?feedView=all-\/"]}]}},"_links":{"self":[{"href":"https:\/\/www.invest-in-toulouse.fr\/en\/wp-json\/wp\/v2\/pages\/20192","targetHints":{"allow":["GET"]}}],"collection":[{"href":"https:\/\/www.invest-in-toulouse.fr\/en\/wp-json\/wp\/v2\/pages"}],"about":[{"href":"https:\/\/www.invest-in-toulouse.fr\/en\/wp-json\/wp\/v2\/types\/page"}],"author":[{"embeddable":true,"href":"https:\/\/www.invest-in-toulouse.fr\/en\/wp-json\/wp\/v2\/users\/14"}],"replies":[{"embeddable":true,"href":"https:\/\/www.invest-in-toulouse.fr\/en\/wp-json\/wp\/v2\/comments?post=20192"}],"version-history":[{"count":0,"href":"https:\/\/www.invest-in-toulouse.fr\/en\/wp-json\/wp\/v2\/pages\/20192\/revisions"}],"up":[{"embeddable":true,"href":"https:\/\/www.invest-in-toulouse.fr\/en\/wp-json\/wp\/v2\/pages\/20054"}],"wp:featuredmedia":[{"embeddable":true,"href":"https:\/\/www.invest-in-toulouse.fr\/en\/wp-json\/wp\/v2\/media\/20191"}],"wp:attachment":[{"href":"https:\/\/www.invest-in-toulouse.fr\/en\/wp-json\/wp\/v2\/media?parent=20192"}],"wp:term":[{"taxonomy":"post_tag","embeddable":true,"href":"https:\/\/www.invest-in-toulouse.fr\/en\/wp-json\/wp\/v2\/tags?post=20192"}],"curies":[{"name":"wp","href":"https:\/\/api.w.org\/{rel}","templated":true}]}}