{"id":20201,"date":"2025-10-17T14:43:36","date_gmt":"2025-10-17T12:43:36","guid":{"rendered":"https:\/\/www.invest-in-toulouse.fr\/services\/success-stories\/orius\/"},"modified":"2025-10-17T14:59:31","modified_gmt":"2025-10-17T12:59:31","slug":"orius","status":"publish","type":"page","link":"https:\/\/www.invest-in-toulouse.fr\/en\/services\/success-stories\/orius\/","title":{"rendered":"Orius"},"content":{"rendered":"\n<div class=\"wp-block-group has-global-padding is-layout-constrained wp-block-group-is-layout-constrained\">\n<h2 class=\"wp-block-heading\">Toulouse, a hotbed of innovation for space-based and sustainable agriculture<\/h2>\n\n\n\n<p>Founded in Toulouse in 2022, Orius is revolutionising the cultivation of living organisms thanks to its unique indoor farming technology. Combining biology, electronics and space exploration, the start-up embodies a new generation of impact-driven companies born in the Toulouse ecosystem.<\/p>\n\n\n\n<h3 class=\"wp-block-heading\">An ambition born in Toulouse<\/h3>\n\n\n\n<p>After several years of experience in urban agriculture and technological horticulture, three entrepreneurs decided in 2021 to create a company dedicated to precision plant cultivation.<br>Paul-Hector Oliver, accompanied by Pierre Jay and J\u00e9r\u00f4me V\u00e9lociter, founded Orius in Toulouse with a clear objective: to control the chemical composition of plants for applications in food, health and cosmetics.<\/p>\n<\/div>\n\n\n\n<div class=\"wp-block-group has-global-padding is-layout-constrained wp-block-group-is-layout-constrained\">\n<section class=\"wp-block-group pattern-schema-text has-global-padding is-content-justification-center is-layout-constrained wp-block-group-is-layout-constrained\">\n<h2 class=\"wp-block-heading\" style=\"font-style:normal;font-weight:700\">Why Toulouse?<\/h2>\n\n\n\n<p><strong>Toulouse was chosen following a co-development contract with CNES for food systems for future lunar bases.<\/strong><br>The region&#8217;s strengths:<\/p>\n\n\n\n<ul class=\"wp-block-list\">\n<li>A high-level scientific and industrial ecosystem (CNES, University of Toulouse, IRT).<\/li>\n\n\n\n<li>The presence of key players in agricultural and space research.<\/li>\n\n\n\n<li>Easy connections to the Grand March\u00e9 de Toulouse (MIN) and local engineering schools.<\/li>\n<\/ul>\n<\/section>\n<\/div>\n\n\n\n<div class=\"wp-block-group has-global-padding is-layout-constrained wp-block-group-is-layout-constrained\">\n<h3 class=\"wp-block-heading is-style-h4\">Support from Toulouse Team &#8211; Invest<\/h3>\n\n\n\n<p>Toulouse Team &#8211; Invest played a decisive role in the development of Orius:<\/p>\n\n\n\n<ul class=\"wp-block-list\">\n<li>Support in finding suitable premises for the prototyping phases.<\/li>\n\n\n\n<li>Support in financing innovation and structuring the project.<\/li>\n\n\n\n<li>Establishing contact with Maguelone Pontier (MIN) and several partner institutions for the space food research project with chef Thierry Marx and the \u00c9cole de Cuisine Mode d&#8217;Emploi(s) cooking school.<\/li>\n<\/ul>\n<\/div>\n\n\n\n<div class=\"wp-block-group has-global-padding is-layout-constrained wp-block-group-is-layout-constrained\">\n<h3 class=\"wp-block-heading\">Growth driven by innovation<\/h3>\n\n\n\n<p>In two years, Orius has secured major partners in the pharmaceutical, cosmetics and nutraceutical sectors (Capsum, Arkopharma, Nutrafol, Givaudan), generating over \u20ac1 million in revenue.<\/p>\n\n\n\n<p>The company now has a plant biology laboratory, a 400 m\u00b2 prototyping workshop and an industrial pilot plant comprising eight cultivation units. Its ambition is to continue rolling out a large-scale, carbon-positive project with high scientific value.<\/p>\n\n\n\n<div class=\"wp-block-buttons is-layout-flex wp-block-buttons-is-layout-flex\">\n<div class=\"wp-block-button\"><a class=\"wp-block-button__link wp-element-button\" href=\"https:\/\/www.orius.co\/fr\" target=\"_blank\" rel=\"noreferrer noopener\">Orius<\/a><\/div>\n<\/div>\n<\/div>\n\n\n\n<div class=\"wp-block-group alignfull has-global-padding is-layout-constrained wp-block-group-is-layout-constrained\">\n<section class=\"wp-block-group alignfull pattern-text-image has-background-color has-secondary-background-color has-text-color has-background has-link-color wp-elements-6d5ce221e01d69a7d9bf893fe8ce4ad9 has-global-padding is-layout-constrained wp-block-group-is-layout-constrained\" style=\"padding-top:var(--wp--preset--spacing--x-large);padding-bottom:var(--wp--preset--spacing--x-large)\">\n<div class=\"wp-block-columns are-vertically-aligned-center is-layout-flex wp-container-core-columns-is-layout-28f84493 wp-block-columns-is-layout-flex\">\n<div class=\"wp-block-column is-vertically-aligned-center pattern-text-image__content is-layout-flow wp-block-column-is-layout-flow\">\n<p class=\"is-style-h3-surtitle\">Our support<\/p>\n\n\n\n<p>With its ecosystem of excellence, renowned quality of life and tailor-made support from Toulouse Team &#8211; Invest, the Toulouse metropolitan area is a strategic choice for innovative companies looking to accelerate their development in Europe.<\/p>\n\n\n\n<p>Ready to accelerate your project to set up in Toulouse? Take advantage of Toulouse Team &#8211; Invest&#8217;s expertise!<\/p>\n\n\n\n<div class=\"wp-block-buttons is-layout-flex wp-block-buttons-is-layout-flex\">\n<div class=\"wp-block-button is-style-white\"><a class=\"wp-block-button__link wp-element-button\" href=\"https:\/\/www.invest-in-toulouse.fr\/en\/services\/our-support\/\">Toulouse Team &#8211; Invest by your side<\/a><\/div>\n<\/div>\n<\/div>\n\n\n\n<div class=\"wp-block-column is-vertically-aligned-center pattern-text-image__media is-layout-flow wp-block-column-is-layout-flow\">\n<figure data-wp-context=\"{&quot;imageId&quot;:&quot;6a071797e59b5&quot;}\" data-wp-interactive=\"core\/image\" data-wp-key=\"6a071797e59b5\" class=\"wp-block-image size-large is-resized wp-lightbox-container\"><img loading=\"lazy\" decoding=\"async\" width=\"1200\" height=\"1008\" data-wp-class--hide=\"state.isContentHidden\" data-wp-class--show=\"state.isContentVisible\" data-wp-init=\"callbacks.setButtonStyles\" data-wp-on--click=\"actions.showLightbox\" data-wp-on--load=\"callbacks.setButtonStyles\" data-wp-on-window--resize=\"callbacks.setButtonStyles\" src=\"https:\/\/www.invest-in-toulouse.fr\/assets\/uploads\/sites\/7\/2025\/09\/business-accompagnement-1200x1008.jpg\" alt=\"accompagnement\" class=\"wp-image-19732\" style=\"width:380px\" srcset=\"https:\/\/www.invest-in-toulouse.fr\/assets\/uploads\/sites\/7\/2025\/09\/business-accompagnement-1200x1008.jpg 1200w, https:\/\/www.invest-in-toulouse.fr\/assets\/uploads\/sites\/7\/2025\/09\/business-accompagnement-600x504.jpg 600w, https:\/\/www.invest-in-toulouse.fr\/assets\/uploads\/sites\/7\/2025\/09\/business-accompagnement-400x336.jpg 400w, https:\/\/www.invest-in-toulouse.fr\/assets\/uploads\/sites\/7\/2025\/09\/business-accompagnement-768x645.jpg 768w, https:\/\/www.invest-in-toulouse.fr\/assets\/uploads\/sites\/7\/2025\/09\/business-accompagnement.jpg 1429w\" sizes=\"auto, (max-width: 1200px) 100vw, 1200px\" \/><button\n\t\t\tclass=\"lightbox-trigger\"\n\t\t\ttype=\"button\"\n\t\t\taria-haspopup=\"dialog\"\n\t\t\taria-label=\"Enlarge\"\n\t\t\tdata-wp-init=\"callbacks.initTriggerButton\"\n\t\t\tdata-wp-on--click=\"actions.showLightbox\"\n\t\t\tdata-wp-style--right=\"state.imageButtonRight\"\n\t\t\tdata-wp-style--top=\"state.imageButtonTop\"\n\t\t>\n\t\t\t<svg xmlns=\"http:\/\/www.w3.org\/2000\/svg\" width=\"12\" height=\"12\" fill=\"none\" viewBox=\"0 0 12 12\">\n\t\t\t\t<path fill=\"#fff\" d=\"M2 0a2 2 0 0 0-2 2v2h1.5V2a.5.5 0 0 1 .5-.5h2V0H2Zm2 10.5H2a.5.5 0 0 1-.5-.5V8H0v2a2 2 0 0 0 2 2h2v-1.5ZM8 12v-1.5h2a.5.5 0 0 0 .5-.5V8H12v2a2 2 0 0 1-2 2H8Zm2-12a2 2 0 0 1 2 2v2h-1.5V2a.5.5 0 0 0-.5-.5H8V0h2Z\" \/>\n\t\t\t<\/svg>\n\t\t<\/button><figcaption class=\"wp-element-caption\">\u00a9 AdobeStock &#8211; Delmaine Donson<\/figcaption><\/figure>\n<\/div>\n<\/div>\n<\/section>\n<\/div>\n\n\n\n<div class=\"wp-block-group alignfull has-background-highlight-light-background-color has-background has-global-padding is-layout-constrained wp-container-core-group-is-layout-c043b533 wp-block-group-is-layout-constrained\" style=\"padding-top:var(--wp--preset--spacing--x-large);padding-right:var(--wp--preset--spacing--large);padding-bottom:var(--wp--preset--spacing--x-large);padding-left:var(--wp--preset--spacing--large)\">\n<div class=\"wp-block-columns is-layout-flex wp-container-core-columns-is-layout-28f84493 wp-block-columns-is-layout-flex\">\n<div class=\"wp-block-column is-vertically-aligned-center is-layout-flow wp-block-column-is-layout-flow\" style=\"flex-basis:33.33%\">\n<figure data-wp-context=\"{&quot;imageId&quot;:&quot;6a071797e66ee&quot;}\" data-wp-interactive=\"core\/image\" data-wp-key=\"6a071797e66ee\" class=\"wp-block-image size-full wp-lightbox-container\"><img loading=\"lazy\" decoding=\"async\" width=\"800\" height=\"800\" data-wp-class--hide=\"state.isContentHidden\" data-wp-class--show=\"state.isContentVisible\" data-wp-init=\"callbacks.setButtonStyles\" data-wp-on--click=\"actions.showLightbox\" data-wp-on--load=\"callbacks.setButtonStyles\" data-wp-on-window--resize=\"callbacks.setButtonStyles\" src=\"https:\/\/www.invest-in-toulouse.fr\/assets\/uploads\/sites\/7\/2025\/04\/jennifer-lartigue-toulouse-team.png\" alt=\"Jennifer Lartigue - Toulouse Team Invest\" class=\"wp-image-18866\" srcset=\"https:\/\/www.invest-in-toulouse.fr\/assets\/uploads\/sites\/7\/2025\/04\/jennifer-lartigue-toulouse-team.png 800w, https:\/\/www.invest-in-toulouse.fr\/assets\/uploads\/sites\/7\/2025\/04\/jennifer-lartigue-toulouse-team-600x600.png 600w, https:\/\/www.invest-in-toulouse.fr\/assets\/uploads\/sites\/7\/2025\/04\/jennifer-lartigue-toulouse-team-400x400.png 400w, https:\/\/www.invest-in-toulouse.fr\/assets\/uploads\/sites\/7\/2025\/04\/jennifer-lartigue-toulouse-team-768x768.png 768w\" sizes=\"auto, (max-width: 800px) 100vw, 800px\" \/><button\n\t\t\tclass=\"lightbox-trigger\"\n\t\t\ttype=\"button\"\n\t\t\taria-haspopup=\"dialog\"\n\t\t\taria-label=\"Enlarge\"\n\t\t\tdata-wp-init=\"callbacks.initTriggerButton\"\n\t\t\tdata-wp-on--click=\"actions.showLightbox\"\n\t\t\tdata-wp-style--right=\"state.imageButtonRight\"\n\t\t\tdata-wp-style--top=\"state.imageButtonTop\"\n\t\t>\n\t\t\t<svg xmlns=\"http:\/\/www.w3.org\/2000\/svg\" width=\"12\" height=\"12\" fill=\"none\" viewBox=\"0 0 12 12\">\n\t\t\t\t<path fill=\"#fff\" d=\"M2 0a2 2 0 0 0-2 2v2h1.5V2a.5.5 0 0 1 .5-.5h2V0H2Zm2 10.5H2a.5.5 0 0 1-.5-.5V8H0v2a2 2 0 0 0 2 2h2v-1.5ZM8 12v-1.5h2a.5.5 0 0 0 .5-.5V8H12v2a2 2 0 0 1-2 2H8Zm2-12a2 2 0 0 1 2 2v2h-1.5V2a.5.5 0 0 0-.5-.5H8V0h2Z\" \/>\n\t\t\t<\/svg>\n\t\t<\/button><\/figure>\n<\/div>\n\n\n\n<div class=\"wp-block-column is-vertically-aligned-center is-layout-flow wp-block-column-is-layout-flow\" style=\"flex-basis:66.66%\">\n<p class=\"is-style-h3-surtitle\">Your contact<\/p>\n\n\n\n<h2 class=\"wp-block-heading\">JENNIFER LARTIGUE<\/h2>\n\n\n\n<p class=\"is-style-h4-surtitle\">LIFE SCIENCES SALES ENGINEER<\/p>\n\n\n\n<p><a href=\"mailto:jennifer.lartigue@toulouse-team.com\">jennifer.lartigue@toulouse-team.com<\/a><br><a href=\"http:\/\/linkedin.com\/in\/jennifer-lartigue-750a182a\" target=\"_blank\" rel=\"noreferrer noopener\">@linkedin.com<\/a><br>Tel. +33 5 34 25 58 27 \u2022 Mob. +33 6 27 60 60 46<\/p>\n<\/div>\n<\/div>\n<\/div>\n","protected":false},"excerpt":{"rendered":"<p>Toulouse, a hotbed of innovation for space-based and sustainable agriculture Founded in Toulouse in 2022, Orius is revolutionising the cultivation of living organisms thanks to its unique indoor farming technology. Combining biology, electronics and space exploration, the start-up embodies a new generation of impact-driven companies born in the Toulouse ecosystem. An ambition born in Toulouse [&hellip;]<\/p>\n","protected":false},"author":14,"featured_media":20200,"parent":20054,"menu_order":0,"comment_status":"closed","ping_status":"closed","template":"templates\/editorial-content.php","meta":{"_acf_changed":true,"footnotes":""},"tags":[245],"class_list":["post-20201","page","type-page","status-publish","has-post-thumbnail","hentry","tag-biotech"],"acf":[],"yoast_head":"<!-- This site is optimized with the Yoast SEO plugin v27.1.1 - https:\/\/yoast.com\/product\/yoast-seo-wordpress\/ -->\n<title>Orius - Invest in Toulouse<\/title>\n<meta name=\"description\" content=\"Founded in Toulouse in 2022, Orius is revolutionising the cultivation of living organisms thanks to its unique indoor farming technology.\" \/>\n<meta name=\"robots\" content=\"index, follow, max-snippet:-1, max-image-preview:large, max-video-preview:-1\" \/>\n<link rel=\"canonical\" href=\"https:\/\/www.invest-in-toulouse.fr\/en\/services\/success-stories\/orius\/\" \/>\n<meta property=\"og:locale\" content=\"en_US\" \/>\n<meta property=\"og:type\" content=\"article\" \/>\n<meta property=\"og:title\" content=\"Orius - Invest in Toulouse\" \/>\n<meta property=\"og:description\" content=\"Founded in Toulouse in 2022, Orius is revolutionising the cultivation of living organisms thanks to its unique indoor farming technology.\" \/>\n<meta property=\"og:url\" content=\"https:\/\/www.invest-in-toulouse.fr\/en\/services\/success-stories\/orius\/\" \/>\n<meta property=\"og:site_name\" content=\"Invest in Toulouse\" \/>\n<meta property=\"article:modified_time\" content=\"2025-10-17T12:59:31+00:00\" \/>\n<meta property=\"og:image\" content=\"https:\/\/www.invest-in-toulouse.fr\/assets\/uploads\/sites\/7\/2025\/10\/logo-orius.jpg\" \/>\n\t<meta property=\"og:image:width\" content=\"798\" \/>\n\t<meta property=\"og:image:height\" content=\"534\" \/>\n\t<meta property=\"og:image:type\" content=\"image\/jpeg\" \/>\n<meta name=\"twitter:card\" content=\"summary_large_image\" \/>\n<meta name=\"twitter:label1\" content=\"Est. reading time\" \/>\n\t<meta name=\"twitter:data1\" content=\"3 minutes\" \/>\n<script type=\"application\/ld+json\" class=\"yoast-schema-graph\">{\"@context\":\"https:\/\/schema.org\",\"@graph\":[{\"@type\":\"WebPage\",\"@id\":\"https:\/\/www.invest-in-toulouse.fr\/en\/services\/success-stories\/orius\/\",\"url\":\"https:\/\/www.invest-in-toulouse.fr\/en\/services\/success-stories\/orius\/\",\"name\":\"Orius - Invest in Toulouse\",\"isPartOf\":{\"@id\":\"https:\/\/www.invest-in-toulouse.fr\/en\/#website\"},\"primaryImageOfPage\":{\"@id\":\"https:\/\/www.invest-in-toulouse.fr\/en\/services\/success-stories\/orius\/#primaryimage\"},\"image\":{\"@id\":\"https:\/\/www.invest-in-toulouse.fr\/en\/services\/success-stories\/orius\/#primaryimage\"},\"thumbnailUrl\":\"https:\/\/www.invest-in-toulouse.fr\/assets\/uploads\/sites\/7\/2025\/10\/logo-orius.jpg\",\"datePublished\":\"2025-10-17T12:43:36+00:00\",\"dateModified\":\"2025-10-17T12:59:31+00:00\",\"description\":\"Founded in Toulouse in 2022, Orius is revolutionising the cultivation of living organisms thanks to its unique indoor farming technology.\",\"breadcrumb\":{\"@id\":\"https:\/\/www.invest-in-toulouse.fr\/en\/services\/success-stories\/orius\/#breadcrumb\"},\"inLanguage\":\"en-US\",\"potentialAction\":[{\"@type\":\"ReadAction\",\"target\":[\"https:\/\/www.invest-in-toulouse.fr\/en\/services\/success-stories\/orius\/\"]}]},{\"@type\":\"ImageObject\",\"inLanguage\":\"en-US\",\"@id\":\"https:\/\/www.invest-in-toulouse.fr\/en\/services\/success-stories\/orius\/#primaryimage\",\"url\":\"https:\/\/www.invest-in-toulouse.fr\/assets\/uploads\/sites\/7\/2025\/10\/logo-orius.jpg\",\"contentUrl\":\"https:\/\/www.invest-in-toulouse.fr\/assets\/uploads\/sites\/7\/2025\/10\/logo-orius.jpg\",\"width\":798,\"height\":534,\"caption\":\"logo orius\"},{\"@type\":\"BreadcrumbList\",\"@id\":\"https:\/\/www.invest-in-toulouse.fr\/en\/services\/success-stories\/orius\/#breadcrumb\",\"itemListElement\":[{\"@type\":\"ListItem\",\"position\":1,\"name\":\"Homepage\",\"item\":\"https:\/\/www.invest-in-toulouse.fr\/en\/\"},{\"@type\":\"ListItem\",\"position\":2,\"name\":\"Services\",\"item\":\"https:\/\/www.invest-in-toulouse.fr\/en\/services\/\"},{\"@type\":\"ListItem\",\"position\":3,\"name\":\"Success stories\",\"item\":\"https:\/\/www.invest-in-toulouse.fr\/en\/services\/success-stories\/\"},{\"@type\":\"ListItem\",\"position\":4,\"name\":\"Orius\"}]},{\"@type\":\"WebSite\",\"@id\":\"https:\/\/www.invest-in-toulouse.fr\/en\/#website\",\"url\":\"https:\/\/www.invest-in-toulouse.fr\/en\/\",\"name\":\"Invest in Toulouse\",\"description\":\"\",\"publisher\":{\"@id\":\"https:\/\/www.invest-in-toulouse.fr\/en\/#organization\"},\"potentialAction\":[{\"@type\":\"SearchAction\",\"target\":{\"@type\":\"EntryPoint\",\"urlTemplate\":\"https:\/\/www.invest-in-toulouse.fr\/en\/?s={search_term_string}\"},\"query-input\":{\"@type\":\"PropertyValueSpecification\",\"valueRequired\":true,\"valueName\":\"search_term_string\"}}],\"inLanguage\":\"en-US\"},{\"@type\":\"Organization\",\"@id\":\"https:\/\/www.invest-in-toulouse.fr\/en\/#organization\",\"name\":\"Invest in Toulouse\",\"url\":\"https:\/\/www.invest-in-toulouse.fr\/en\/\",\"logo\":{\"@type\":\"ImageObject\",\"inLanguage\":\"en-US\",\"@id\":\"https:\/\/www.invest-in-toulouse.fr\/en\/#\/schema\/logo\/image\/\",\"url\":\"https:\/\/www.invest-in-toulouse.fr\/assets\/uploads\/sites\/7\/2023\/10\/toulouse.svg\",\"contentUrl\":\"https:\/\/www.invest-in-toulouse.fr\/assets\/uploads\/sites\/7\/2023\/10\/toulouse.svg\",\"width\":220,\"height\":61,\"caption\":\"Invest in Toulouse\"},\"image\":{\"@id\":\"https:\/\/www.invest-in-toulouse.fr\/en\/#\/schema\/logo\/image\/\"},\"sameAs\":[\"https:\/\/www.linkedin.com\/company\/toulouseteaminvest\/posts\/?feedView=all-\/\"]}]}<\/script>\n<!-- \/ Yoast SEO plugin. -->","yoast_head_json":{"title":"Orius - Invest in Toulouse","description":"Founded in Toulouse in 2022, Orius is revolutionising the cultivation of living organisms thanks to its unique indoor farming technology.","robots":{"index":"index","follow":"follow","max-snippet":"max-snippet:-1","max-image-preview":"max-image-preview:large","max-video-preview":"max-video-preview:-1"},"canonical":"https:\/\/www.invest-in-toulouse.fr\/en\/services\/success-stories\/orius\/","og_locale":"en_US","og_type":"article","og_title":"Orius - Invest in Toulouse","og_description":"Founded in Toulouse in 2022, Orius is revolutionising the cultivation of living organisms thanks to its unique indoor farming technology.","og_url":"https:\/\/www.invest-in-toulouse.fr\/en\/services\/success-stories\/orius\/","og_site_name":"Invest in Toulouse","article_modified_time":"2025-10-17T12:59:31+00:00","og_image":[{"width":798,"height":534,"url":"https:\/\/www.invest-in-toulouse.fr\/assets\/uploads\/sites\/7\/2025\/10\/logo-orius.jpg","type":"image\/jpeg"}],"twitter_card":"summary_large_image","twitter_misc":{"Est. reading time":"3 minutes"},"schema":{"@context":"https:\/\/schema.org","@graph":[{"@type":"WebPage","@id":"https:\/\/www.invest-in-toulouse.fr\/en\/services\/success-stories\/orius\/","url":"https:\/\/www.invest-in-toulouse.fr\/en\/services\/success-stories\/orius\/","name":"Orius - Invest in Toulouse","isPartOf":{"@id":"https:\/\/www.invest-in-toulouse.fr\/en\/#website"},"primaryImageOfPage":{"@id":"https:\/\/www.invest-in-toulouse.fr\/en\/services\/success-stories\/orius\/#primaryimage"},"image":{"@id":"https:\/\/www.invest-in-toulouse.fr\/en\/services\/success-stories\/orius\/#primaryimage"},"thumbnailUrl":"https:\/\/www.invest-in-toulouse.fr\/assets\/uploads\/sites\/7\/2025\/10\/logo-orius.jpg","datePublished":"2025-10-17T12:43:36+00:00","dateModified":"2025-10-17T12:59:31+00:00","description":"Founded in Toulouse in 2022, Orius is revolutionising the cultivation of living organisms thanks to its unique indoor farming technology.","breadcrumb":{"@id":"https:\/\/www.invest-in-toulouse.fr\/en\/services\/success-stories\/orius\/#breadcrumb"},"inLanguage":"en-US","potentialAction":[{"@type":"ReadAction","target":["https:\/\/www.invest-in-toulouse.fr\/en\/services\/success-stories\/orius\/"]}]},{"@type":"ImageObject","inLanguage":"en-US","@id":"https:\/\/www.invest-in-toulouse.fr\/en\/services\/success-stories\/orius\/#primaryimage","url":"https:\/\/www.invest-in-toulouse.fr\/assets\/uploads\/sites\/7\/2025\/10\/logo-orius.jpg","contentUrl":"https:\/\/www.invest-in-toulouse.fr\/assets\/uploads\/sites\/7\/2025\/10\/logo-orius.jpg","width":798,"height":534,"caption":"logo orius"},{"@type":"BreadcrumbList","@id":"https:\/\/www.invest-in-toulouse.fr\/en\/services\/success-stories\/orius\/#breadcrumb","itemListElement":[{"@type":"ListItem","position":1,"name":"Homepage","item":"https:\/\/www.invest-in-toulouse.fr\/en\/"},{"@type":"ListItem","position":2,"name":"Services","item":"https:\/\/www.invest-in-toulouse.fr\/en\/services\/"},{"@type":"ListItem","position":3,"name":"Success stories","item":"https:\/\/www.invest-in-toulouse.fr\/en\/services\/success-stories\/"},{"@type":"ListItem","position":4,"name":"Orius"}]},{"@type":"WebSite","@id":"https:\/\/www.invest-in-toulouse.fr\/en\/#website","url":"https:\/\/www.invest-in-toulouse.fr\/en\/","name":"Invest in Toulouse","description":"","publisher":{"@id":"https:\/\/www.invest-in-toulouse.fr\/en\/#organization"},"potentialAction":[{"@type":"SearchAction","target":{"@type":"EntryPoint","urlTemplate":"https:\/\/www.invest-in-toulouse.fr\/en\/?s={search_term_string}"},"query-input":{"@type":"PropertyValueSpecification","valueRequired":true,"valueName":"search_term_string"}}],"inLanguage":"en-US"},{"@type":"Organization","@id":"https:\/\/www.invest-in-toulouse.fr\/en\/#organization","name":"Invest in Toulouse","url":"https:\/\/www.invest-in-toulouse.fr\/en\/","logo":{"@type":"ImageObject","inLanguage":"en-US","@id":"https:\/\/www.invest-in-toulouse.fr\/en\/#\/schema\/logo\/image\/","url":"https:\/\/www.invest-in-toulouse.fr\/assets\/uploads\/sites\/7\/2023\/10\/toulouse.svg","contentUrl":"https:\/\/www.invest-in-toulouse.fr\/assets\/uploads\/sites\/7\/2023\/10\/toulouse.svg","width":220,"height":61,"caption":"Invest in Toulouse"},"image":{"@id":"https:\/\/www.invest-in-toulouse.fr\/en\/#\/schema\/logo\/image\/"},"sameAs":["https:\/\/www.linkedin.com\/company\/toulouseteaminvest\/posts\/?feedView=all-\/"]}]}},"_links":{"self":[{"href":"https:\/\/www.invest-in-toulouse.fr\/en\/wp-json\/wp\/v2\/pages\/20201","targetHints":{"allow":["GET"]}}],"collection":[{"href":"https:\/\/www.invest-in-toulouse.fr\/en\/wp-json\/wp\/v2\/pages"}],"about":[{"href":"https:\/\/www.invest-in-toulouse.fr\/en\/wp-json\/wp\/v2\/types\/page"}],"author":[{"embeddable":true,"href":"https:\/\/www.invest-in-toulouse.fr\/en\/wp-json\/wp\/v2\/users\/14"}],"replies":[{"embeddable":true,"href":"https:\/\/www.invest-in-toulouse.fr\/en\/wp-json\/wp\/v2\/comments?post=20201"}],"version-history":[{"count":0,"href":"https:\/\/www.invest-in-toulouse.fr\/en\/wp-json\/wp\/v2\/pages\/20201\/revisions"}],"up":[{"embeddable":true,"href":"https:\/\/www.invest-in-toulouse.fr\/en\/wp-json\/wp\/v2\/pages\/20054"}],"wp:featuredmedia":[{"embeddable":true,"href":"https:\/\/www.invest-in-toulouse.fr\/en\/wp-json\/wp\/v2\/media\/20200"}],"wp:attachment":[{"href":"https:\/\/www.invest-in-toulouse.fr\/en\/wp-json\/wp\/v2\/media?parent=20201"}],"wp:term":[{"taxonomy":"post_tag","embeddable":true,"href":"https:\/\/www.invest-in-toulouse.fr\/en\/wp-json\/wp\/v2\/tags?post=20201"}],"curies":[{"name":"wp","href":"https:\/\/api.w.org\/{rel}","templated":true}]}}