{"id":20337,"date":"2025-12-03T09:53:30","date_gmt":"2025-12-03T08:53:30","guid":{"rendered":"https:\/\/www.invest-in-toulouse.fr\/services\/success-stories\/batconnect\/"},"modified":"2025-12-03T10:08:49","modified_gmt":"2025-12-03T09:08:49","slug":"batconnect","status":"publish","type":"page","link":"https:\/\/www.invest-in-toulouse.fr\/en\/services\/success-stories\/batconnect\/","title":{"rendered":"Batconnect"},"content":{"rendered":"\n<div class=\"wp-block-group has-global-padding is-layout-constrained wp-block-group-is-layout-constrained\">\n<h2 class=\"wp-block-heading\">Toulouse, a catalyst for innovation in connected lithium-ion batteries<\/h2>\n\n\n\n<p>Batconnect designs connected lithium-ion batteries capable of doubling the lifespan of traditional batteries. Already established since 2019, the company has strengthened its development in Toulouse thanks to the support of Toulouse Team \u2013 Invest and the richness of the regional ecosystem.<\/p>\n\n\n\n<h3 class=\"wp-block-heading\">A technology in full expansion<\/h3>\n\n\n\n<p>In 2022, Batconnect recorded strong commercial momentum, with nearly \u20ac700,000 in orders in the first quarter. The company was then developing predictive maintenance technology capable of significantly extending battery life, particularly for golf carts, autonomous robots and other professional applications.<\/p>\n\n\n\n<p>The company&#8217;s growth was structured around a \u20ac1.5 million fundraising campaign aimed at accelerating its expansion into Italy, Spain and other markets sensitive to energy performance issues.<\/p>\n<\/div>\n\n\n\n<div class=\"wp-block-group has-global-padding is-layout-constrained wp-block-group-is-layout-constrained\">\n<section class=\"wp-block-group pattern-schema-text has-global-padding is-content-justification-center is-layout-constrained wp-block-group-is-layout-constrained\">\n<h2 class=\"wp-block-heading\" style=\"font-style:normal;font-weight:700\">Why Toulouse?<\/h2>\n\n\n\n<p><strong>Already established locally, Batconnect has continued to grow in Toulouse thanks to:<\/strong><\/p>\n\n\n\n<ul class=\"wp-block-list\">\n<li>Academic excellence in the field of batteries.<\/li>\n\n\n\n<li>A pool of talent trained in renowned laboratories.<\/li>\n\n\n\n<li>An environment conducive to industrial collaboration.<\/li>\n<\/ul>\n<\/section>\n<\/div>\n\n\n\n<div class=\"wp-block-group has-global-padding is-layout-constrained wp-block-group-is-layout-constrained\">\n<h3 class=\"wp-block-heading is-style-h4\">Support from Toulouse Team &#8211; Invest<\/h3>\n\n\n\n<p>Even though Batconnect was already well established in the region, it was able to benefit from new connections thanks to Toulouse Team \u2013 Invest, which facilitated its expansion into complementary sectors.<\/p>\n\n\n\n<p>The team put the company in touch with players in logistics, aeronautics and space, as well as private financiers and several prospects whose issues matched Batconnect&#8217;s solutions.<\/p>\n\n\n\n<p>These contacts have enhanced the company&#8217;s visibility and strengthened its integration into the local energy ecosystem.<\/p>\n<\/div>\n\n\n\n<div class=\"wp-block-group has-global-padding is-layout-constrained wp-block-group-is-layout-constrained\">\n<h3 class=\"wp-block-heading\">Consistent growth<\/h3>\n\n\n\n<p>The recent \u20ac3 million fundraising campaign marks the beginning of a new phase of development. This growth will enable the company to increase its production capacity, diversify its target markets and continue recruiting technical profiles.<br>Batconnect is now positioned in a variety of segments: airport equipment, autonomous robots, material handling, agriculture and solar energy. This diversification confirms the relevance of its Toulouse location and the robustness of its technology.<\/p>\n\n\n\n<div class=\"wp-block-buttons is-layout-flex wp-block-buttons-is-layout-flex\">\n<div class=\"wp-block-button\"><a class=\"wp-block-button__link wp-element-button\" href=\"https:\/\/www.batconnect.eu\" target=\"_blank\" rel=\"noreferrer noopener\">Batconnect<\/a><\/div>\n<\/div>\n<\/div>\n\n\n\n<div class=\"wp-block-group alignfull has-global-padding is-layout-constrained wp-block-group-is-layout-constrained\">\n<section class=\"wp-block-group alignfull pattern-text-image has-background-color has-secondary-background-color has-text-color has-background has-link-color wp-elements-f9255e11fa917a2b2b9009a1bd3cd4e0 has-global-padding is-layout-constrained wp-block-group-is-layout-constrained\" style=\"padding-top:var(--wp--preset--spacing--x-large);padding-bottom:var(--wp--preset--spacing--x-large)\">\n<div class=\"wp-block-columns are-vertically-aligned-center is-layout-flex wp-container-core-columns-is-layout-28f84493 wp-block-columns-is-layout-flex\">\n<div class=\"wp-block-column is-vertically-aligned-center pattern-text-image__content is-layout-flow wp-block-column-is-layout-flow\">\n<p class=\"is-style-h3-surtitle\">Our support<\/p>\n\n\n\n<p>With its ecosystem of excellence, renowned quality of life and tailor-made support from Toulouse Team &#8211; Invest, the Toulouse metropolitan area is establishing itself as a strategic choice for innovative companies looking to accelerate their development in Europe.<\/p>\n\n\n\n<p>Join the innovative companies that have chosen Toulouse and benefit from the support of our experts.<\/p>\n\n\n\n<div class=\"wp-block-buttons is-layout-flex wp-block-buttons-is-layout-flex\">\n<div class=\"wp-block-button is-style-white\"><a class=\"wp-block-button__link wp-element-button\" href=\"https:\/\/www.invest-in-toulouse.fr\/en\/services\/our-support\/\">Toulouse Team &#8211; Invest \u00e0 vos c\u00f4t\u00e9s<\/a><\/div>\n<\/div>\n<\/div>\n\n\n\n<div class=\"wp-block-column is-vertically-aligned-center pattern-text-image__media is-layout-flow wp-block-column-is-layout-flow\">\n<figure data-wp-context=\"{&quot;imageId&quot;:&quot;6a071795635ff&quot;}\" data-wp-interactive=\"core\/image\" data-wp-key=\"6a071795635ff\" class=\"wp-block-image size-large is-resized wp-lightbox-container\"><img loading=\"lazy\" decoding=\"async\" width=\"1200\" height=\"1008\" data-wp-class--hide=\"state.isContentHidden\" data-wp-class--show=\"state.isContentVisible\" data-wp-init=\"callbacks.setButtonStyles\" data-wp-on--click=\"actions.showLightbox\" data-wp-on--load=\"callbacks.setButtonStyles\" data-wp-on-window--resize=\"callbacks.setButtonStyles\" src=\"https:\/\/www.invest-in-toulouse.fr\/assets\/uploads\/sites\/7\/2025\/09\/business-accompagnement-1200x1008.jpg\" alt=\"accompagnement\" class=\"wp-image-19732\" style=\"width:380px\" srcset=\"https:\/\/www.invest-in-toulouse.fr\/assets\/uploads\/sites\/7\/2025\/09\/business-accompagnement-1200x1008.jpg 1200w, https:\/\/www.invest-in-toulouse.fr\/assets\/uploads\/sites\/7\/2025\/09\/business-accompagnement-600x504.jpg 600w, https:\/\/www.invest-in-toulouse.fr\/assets\/uploads\/sites\/7\/2025\/09\/business-accompagnement-400x336.jpg 400w, https:\/\/www.invest-in-toulouse.fr\/assets\/uploads\/sites\/7\/2025\/09\/business-accompagnement-768x645.jpg 768w, https:\/\/www.invest-in-toulouse.fr\/assets\/uploads\/sites\/7\/2025\/09\/business-accompagnement.jpg 1429w\" sizes=\"auto, (max-width: 1200px) 100vw, 1200px\" \/><button\n\t\t\tclass=\"lightbox-trigger\"\n\t\t\ttype=\"button\"\n\t\t\taria-haspopup=\"dialog\"\n\t\t\taria-label=\"Enlarge\"\n\t\t\tdata-wp-init=\"callbacks.initTriggerButton\"\n\t\t\tdata-wp-on--click=\"actions.showLightbox\"\n\t\t\tdata-wp-style--right=\"state.imageButtonRight\"\n\t\t\tdata-wp-style--top=\"state.imageButtonTop\"\n\t\t>\n\t\t\t<svg xmlns=\"http:\/\/www.w3.org\/2000\/svg\" width=\"12\" height=\"12\" fill=\"none\" viewBox=\"0 0 12 12\">\n\t\t\t\t<path fill=\"#fff\" d=\"M2 0a2 2 0 0 0-2 2v2h1.5V2a.5.5 0 0 1 .5-.5h2V0H2Zm2 10.5H2a.5.5 0 0 1-.5-.5V8H0v2a2 2 0 0 0 2 2h2v-1.5ZM8 12v-1.5h2a.5.5 0 0 0 .5-.5V8H12v2a2 2 0 0 1-2 2H8Zm2-12a2 2 0 0 1 2 2v2h-1.5V2a.5.5 0 0 0-.5-.5H8V0h2Z\" \/>\n\t\t\t<\/svg>\n\t\t<\/button><figcaption class=\"wp-element-caption\">\u00a9 AdobeStock &#8211; Delmaine Donson<\/figcaption><\/figure>\n<\/div>\n<\/div>\n<\/section>\n<\/div>\n\n\n\n<div class=\"wp-block-group alignfull has-background-highlight-light-background-color has-background has-global-padding is-layout-constrained wp-container-core-group-is-layout-c043b533 wp-block-group-is-layout-constrained\" style=\"padding-top:var(--wp--preset--spacing--x-large);padding-right:var(--wp--preset--spacing--large);padding-bottom:var(--wp--preset--spacing--x-large);padding-left:var(--wp--preset--spacing--large)\">\n<div class=\"wp-block-columns is-layout-flex wp-container-core-columns-is-layout-28f84493 wp-block-columns-is-layout-flex\">\n<div class=\"wp-block-column is-vertically-aligned-center is-layout-flow wp-block-column-is-layout-flow\" style=\"flex-basis:33.33%\">\n<figure data-wp-context=\"{&quot;imageId&quot;:&quot;6a0717956441d&quot;}\" data-wp-interactive=\"core\/image\" data-wp-key=\"6a0717956441d\" class=\"wp-block-image size-full wp-lightbox-container\"><img loading=\"lazy\" decoding=\"async\" width=\"800\" height=\"800\" data-wp-class--hide=\"state.isContentHidden\" data-wp-class--show=\"state.isContentVisible\" data-wp-init=\"callbacks.setButtonStyles\" data-wp-on--click=\"actions.showLightbox\" data-wp-on--load=\"callbacks.setButtonStyles\" data-wp-on-window--resize=\"callbacks.setButtonStyles\" src=\"https:\/\/www.invest-in-toulouse.fr\/assets\/uploads\/sites\/7\/2025\/04\/toulouse-team-invest-pierre-jean-chandes.png\" alt=\"Pierre-Jean Chand\u00e8s - Toulouse Team Invest\" class=\"wp-image-18870\" srcset=\"https:\/\/www.invest-in-toulouse.fr\/assets\/uploads\/sites\/7\/2025\/04\/toulouse-team-invest-pierre-jean-chandes.png 800w, https:\/\/www.invest-in-toulouse.fr\/assets\/uploads\/sites\/7\/2025\/04\/toulouse-team-invest-pierre-jean-chandes-600x600.png 600w, https:\/\/www.invest-in-toulouse.fr\/assets\/uploads\/sites\/7\/2025\/04\/toulouse-team-invest-pierre-jean-chandes-400x400.png 400w, https:\/\/www.invest-in-toulouse.fr\/assets\/uploads\/sites\/7\/2025\/04\/toulouse-team-invest-pierre-jean-chandes-768x768.png 768w\" sizes=\"auto, (max-width: 800px) 100vw, 800px\" \/><button\n\t\t\tclass=\"lightbox-trigger\"\n\t\t\ttype=\"button\"\n\t\t\taria-haspopup=\"dialog\"\n\t\t\taria-label=\"Enlarge\"\n\t\t\tdata-wp-init=\"callbacks.initTriggerButton\"\n\t\t\tdata-wp-on--click=\"actions.showLightbox\"\n\t\t\tdata-wp-style--right=\"state.imageButtonRight\"\n\t\t\tdata-wp-style--top=\"state.imageButtonTop\"\n\t\t>\n\t\t\t<svg xmlns=\"http:\/\/www.w3.org\/2000\/svg\" width=\"12\" height=\"12\" fill=\"none\" viewBox=\"0 0 12 12\">\n\t\t\t\t<path fill=\"#fff\" d=\"M2 0a2 2 0 0 0-2 2v2h1.5V2a.5.5 0 0 1 .5-.5h2V0H2Zm2 10.5H2a.5.5 0 0 1-.5-.5V8H0v2a2 2 0 0 0 2 2h2v-1.5ZM8 12v-1.5h2a.5.5 0 0 0 .5-.5V8H12v2a2 2 0 0 1-2 2H8Zm2-12a2 2 0 0 1 2 2v2h-1.5V2a.5.5 0 0 0-.5-.5H8V0h2Z\" \/>\n\t\t\t<\/svg>\n\t\t<\/button><\/figure>\n<\/div>\n\n\n\n<div class=\"wp-block-column is-vertically-aligned-center is-layout-flow wp-block-column-is-layout-flow\" style=\"flex-basis:66.66%\">\n<p class=\"is-style-h3-surtitle\">Your contact<\/p>\n\n\n\n<h2 class=\"wp-block-heading\">PIERRE-JEAN CHAND\u00c8S<\/h2>\n\n\n\n<h4 class=\"wp-block-heading\">GREEN ENERGY &amp; CLEANTECH SALES ENGINEER<\/h4>\n\n\n\n<p><a href=\"mailto:pierre-jean.chandes@toulouse-team.com\">pierre-jean.chandes@toulouse-team.com<\/a><br><a href=\"https:\/\/www.linkedin.com\/in\/%E2%9C%85-pierre-jean-chand%C3%A8s-9759b654\/\" target=\"_blank\" rel=\"noreferrer noopener\">@linkedin<\/a><br>Mob. +33 6 29 94 70 60<\/p>\n<\/div>\n<\/div>\n<\/div>\n","protected":false},"excerpt":{"rendered":"<p>Toulouse, a catalyst for innovation in connected lithium-ion batteries Batconnect designs connected lithium-ion batteries capable of doubling the lifespan of traditional batteries. Already established since 2019, the company has strengthened its development in Toulouse thanks to the support of Toulouse Team \u2013 Invest and the richness of the regional ecosystem. A technology in full expansion [&hellip;]<\/p>\n","protected":false},"author":3,"featured_media":20336,"parent":20054,"menu_order":0,"comment_status":"closed","ping_status":"closed","template":"templates\/editorial-content.php","meta":{"_acf_changed":true,"footnotes":""},"tags":[243],"class_list":["post-20337","page","type-page","status-publish","has-post-thumbnail","hentry","tag-renewable-energies"],"acf":[],"yoast_head":"<!-- This site is optimized with the Yoast SEO plugin v27.1.1 - https:\/\/yoast.com\/product\/yoast-seo-wordpress\/ -->\n<title>Batconnect - Invest in Toulouse<\/title>\n<meta name=\"description\" content=\"Batconnect is strengthening its development thanks to the support of Toulouse Team \u2013 Invest and the richness of the regional ecosystem.\" \/>\n<meta name=\"robots\" content=\"index, follow, max-snippet:-1, max-image-preview:large, max-video-preview:-1\" \/>\n<link rel=\"canonical\" href=\"https:\/\/www.invest-in-toulouse.fr\/en\/services\/success-stories\/batconnect\/\" \/>\n<meta property=\"og:locale\" content=\"en_US\" \/>\n<meta property=\"og:type\" content=\"article\" \/>\n<meta property=\"og:title\" content=\"Batconnect - Invest in Toulouse\" \/>\n<meta property=\"og:description\" content=\"Batconnect is strengthening its development thanks to the support of Toulouse Team \u2013 Invest and the richness of the regional ecosystem.\" \/>\n<meta property=\"og:url\" content=\"https:\/\/www.invest-in-toulouse.fr\/en\/services\/success-stories\/batconnect\/\" \/>\n<meta property=\"og:site_name\" content=\"Invest in Toulouse\" \/>\n<meta property=\"article:modified_time\" content=\"2025-12-03T09:08:49+00:00\" \/>\n<meta property=\"og:image\" content=\"https:\/\/www.invest-in-toulouse.fr\/assets\/uploads\/sites\/7\/2025\/12\/batconnect.jpg\" \/>\n\t<meta property=\"og:image:width\" content=\"798\" \/>\n\t<meta property=\"og:image:height\" content=\"534\" \/>\n\t<meta property=\"og:image:type\" content=\"image\/jpeg\" \/>\n<meta name=\"twitter:card\" content=\"summary_large_image\" \/>\n<meta name=\"twitter:label1\" content=\"Est. reading time\" \/>\n\t<meta name=\"twitter:data1\" content=\"3 minutes\" \/>\n<script type=\"application\/ld+json\" class=\"yoast-schema-graph\">{\"@context\":\"https:\/\/schema.org\",\"@graph\":[{\"@type\":\"WebPage\",\"@id\":\"https:\/\/www.invest-in-toulouse.fr\/en\/services\/success-stories\/batconnect\/\",\"url\":\"https:\/\/www.invest-in-toulouse.fr\/en\/services\/success-stories\/batconnect\/\",\"name\":\"Batconnect - Invest in Toulouse\",\"isPartOf\":{\"@id\":\"https:\/\/www.invest-in-toulouse.fr\/en\/#website\"},\"primaryImageOfPage\":{\"@id\":\"https:\/\/www.invest-in-toulouse.fr\/en\/services\/success-stories\/batconnect\/#primaryimage\"},\"image\":{\"@id\":\"https:\/\/www.invest-in-toulouse.fr\/en\/services\/success-stories\/batconnect\/#primaryimage\"},\"thumbnailUrl\":\"https:\/\/www.invest-in-toulouse.fr\/assets\/uploads\/sites\/7\/2025\/12\/batconnect.jpg\",\"datePublished\":\"2025-12-03T08:53:30+00:00\",\"dateModified\":\"2025-12-03T09:08:49+00:00\",\"description\":\"Batconnect is strengthening its development thanks to the support of Toulouse Team \u2013 Invest and the richness of the regional ecosystem.\",\"breadcrumb\":{\"@id\":\"https:\/\/www.invest-in-toulouse.fr\/en\/services\/success-stories\/batconnect\/#breadcrumb\"},\"inLanguage\":\"en-US\",\"potentialAction\":[{\"@type\":\"ReadAction\",\"target\":[\"https:\/\/www.invest-in-toulouse.fr\/en\/services\/success-stories\/batconnect\/\"]}]},{\"@type\":\"ImageObject\",\"inLanguage\":\"en-US\",\"@id\":\"https:\/\/www.invest-in-toulouse.fr\/en\/services\/success-stories\/batconnect\/#primaryimage\",\"url\":\"https:\/\/www.invest-in-toulouse.fr\/assets\/uploads\/sites\/7\/2025\/12\/batconnect.jpg\",\"contentUrl\":\"https:\/\/www.invest-in-toulouse.fr\/assets\/uploads\/sites\/7\/2025\/12\/batconnect.jpg\",\"width\":798,\"height\":534,\"caption\":\"logo Batconnect\"},{\"@type\":\"BreadcrumbList\",\"@id\":\"https:\/\/www.invest-in-toulouse.fr\/en\/services\/success-stories\/batconnect\/#breadcrumb\",\"itemListElement\":[{\"@type\":\"ListItem\",\"position\":1,\"name\":\"Homepage\",\"item\":\"https:\/\/www.invest-in-toulouse.fr\/en\/\"},{\"@type\":\"ListItem\",\"position\":2,\"name\":\"Services\",\"item\":\"https:\/\/www.invest-in-toulouse.fr\/en\/services\/\"},{\"@type\":\"ListItem\",\"position\":3,\"name\":\"Success stories\",\"item\":\"https:\/\/www.invest-in-toulouse.fr\/en\/services\/success-stories\/\"},{\"@type\":\"ListItem\",\"position\":4,\"name\":\"Batconnect\"}]},{\"@type\":\"WebSite\",\"@id\":\"https:\/\/www.invest-in-toulouse.fr\/en\/#website\",\"url\":\"https:\/\/www.invest-in-toulouse.fr\/en\/\",\"name\":\"Invest in Toulouse\",\"description\":\"\",\"publisher\":{\"@id\":\"https:\/\/www.invest-in-toulouse.fr\/en\/#organization\"},\"potentialAction\":[{\"@type\":\"SearchAction\",\"target\":{\"@type\":\"EntryPoint\",\"urlTemplate\":\"https:\/\/www.invest-in-toulouse.fr\/en\/?s={search_term_string}\"},\"query-input\":{\"@type\":\"PropertyValueSpecification\",\"valueRequired\":true,\"valueName\":\"search_term_string\"}}],\"inLanguage\":\"en-US\"},{\"@type\":\"Organization\",\"@id\":\"https:\/\/www.invest-in-toulouse.fr\/en\/#organization\",\"name\":\"Invest in Toulouse\",\"url\":\"https:\/\/www.invest-in-toulouse.fr\/en\/\",\"logo\":{\"@type\":\"ImageObject\",\"inLanguage\":\"en-US\",\"@id\":\"https:\/\/www.invest-in-toulouse.fr\/en\/#\/schema\/logo\/image\/\",\"url\":\"https:\/\/www.invest-in-toulouse.fr\/assets\/uploads\/sites\/7\/2023\/10\/toulouse.svg\",\"contentUrl\":\"https:\/\/www.invest-in-toulouse.fr\/assets\/uploads\/sites\/7\/2023\/10\/toulouse.svg\",\"width\":220,\"height\":61,\"caption\":\"Invest in Toulouse\"},\"image\":{\"@id\":\"https:\/\/www.invest-in-toulouse.fr\/en\/#\/schema\/logo\/image\/\"},\"sameAs\":[\"https:\/\/www.linkedin.com\/company\/toulouseteaminvest\/posts\/?feedView=all-\/\"]}]}<\/script>\n<!-- \/ Yoast SEO plugin. -->","yoast_head_json":{"title":"Batconnect - Invest in Toulouse","description":"Batconnect is strengthening its development thanks to the support of Toulouse Team \u2013 Invest and the richness of the regional ecosystem.","robots":{"index":"index","follow":"follow","max-snippet":"max-snippet:-1","max-image-preview":"max-image-preview:large","max-video-preview":"max-video-preview:-1"},"canonical":"https:\/\/www.invest-in-toulouse.fr\/en\/services\/success-stories\/batconnect\/","og_locale":"en_US","og_type":"article","og_title":"Batconnect - Invest in Toulouse","og_description":"Batconnect is strengthening its development thanks to the support of Toulouse Team \u2013 Invest and the richness of the regional ecosystem.","og_url":"https:\/\/www.invest-in-toulouse.fr\/en\/services\/success-stories\/batconnect\/","og_site_name":"Invest in Toulouse","article_modified_time":"2025-12-03T09:08:49+00:00","og_image":[{"width":798,"height":534,"url":"https:\/\/www.invest-in-toulouse.fr\/assets\/uploads\/sites\/7\/2025\/12\/batconnect.jpg","type":"image\/jpeg"}],"twitter_card":"summary_large_image","twitter_misc":{"Est. reading time":"3 minutes"},"schema":{"@context":"https:\/\/schema.org","@graph":[{"@type":"WebPage","@id":"https:\/\/www.invest-in-toulouse.fr\/en\/services\/success-stories\/batconnect\/","url":"https:\/\/www.invest-in-toulouse.fr\/en\/services\/success-stories\/batconnect\/","name":"Batconnect - Invest in Toulouse","isPartOf":{"@id":"https:\/\/www.invest-in-toulouse.fr\/en\/#website"},"primaryImageOfPage":{"@id":"https:\/\/www.invest-in-toulouse.fr\/en\/services\/success-stories\/batconnect\/#primaryimage"},"image":{"@id":"https:\/\/www.invest-in-toulouse.fr\/en\/services\/success-stories\/batconnect\/#primaryimage"},"thumbnailUrl":"https:\/\/www.invest-in-toulouse.fr\/assets\/uploads\/sites\/7\/2025\/12\/batconnect.jpg","datePublished":"2025-12-03T08:53:30+00:00","dateModified":"2025-12-03T09:08:49+00:00","description":"Batconnect is strengthening its development thanks to the support of Toulouse Team \u2013 Invest and the richness of the regional ecosystem.","breadcrumb":{"@id":"https:\/\/www.invest-in-toulouse.fr\/en\/services\/success-stories\/batconnect\/#breadcrumb"},"inLanguage":"en-US","potentialAction":[{"@type":"ReadAction","target":["https:\/\/www.invest-in-toulouse.fr\/en\/services\/success-stories\/batconnect\/"]}]},{"@type":"ImageObject","inLanguage":"en-US","@id":"https:\/\/www.invest-in-toulouse.fr\/en\/services\/success-stories\/batconnect\/#primaryimage","url":"https:\/\/www.invest-in-toulouse.fr\/assets\/uploads\/sites\/7\/2025\/12\/batconnect.jpg","contentUrl":"https:\/\/www.invest-in-toulouse.fr\/assets\/uploads\/sites\/7\/2025\/12\/batconnect.jpg","width":798,"height":534,"caption":"logo Batconnect"},{"@type":"BreadcrumbList","@id":"https:\/\/www.invest-in-toulouse.fr\/en\/services\/success-stories\/batconnect\/#breadcrumb","itemListElement":[{"@type":"ListItem","position":1,"name":"Homepage","item":"https:\/\/www.invest-in-toulouse.fr\/en\/"},{"@type":"ListItem","position":2,"name":"Services","item":"https:\/\/www.invest-in-toulouse.fr\/en\/services\/"},{"@type":"ListItem","position":3,"name":"Success stories","item":"https:\/\/www.invest-in-toulouse.fr\/en\/services\/success-stories\/"},{"@type":"ListItem","position":4,"name":"Batconnect"}]},{"@type":"WebSite","@id":"https:\/\/www.invest-in-toulouse.fr\/en\/#website","url":"https:\/\/www.invest-in-toulouse.fr\/en\/","name":"Invest in Toulouse","description":"","publisher":{"@id":"https:\/\/www.invest-in-toulouse.fr\/en\/#organization"},"potentialAction":[{"@type":"SearchAction","target":{"@type":"EntryPoint","urlTemplate":"https:\/\/www.invest-in-toulouse.fr\/en\/?s={search_term_string}"},"query-input":{"@type":"PropertyValueSpecification","valueRequired":true,"valueName":"search_term_string"}}],"inLanguage":"en-US"},{"@type":"Organization","@id":"https:\/\/www.invest-in-toulouse.fr\/en\/#organization","name":"Invest in Toulouse","url":"https:\/\/www.invest-in-toulouse.fr\/en\/","logo":{"@type":"ImageObject","inLanguage":"en-US","@id":"https:\/\/www.invest-in-toulouse.fr\/en\/#\/schema\/logo\/image\/","url":"https:\/\/www.invest-in-toulouse.fr\/assets\/uploads\/sites\/7\/2023\/10\/toulouse.svg","contentUrl":"https:\/\/www.invest-in-toulouse.fr\/assets\/uploads\/sites\/7\/2023\/10\/toulouse.svg","width":220,"height":61,"caption":"Invest in Toulouse"},"image":{"@id":"https:\/\/www.invest-in-toulouse.fr\/en\/#\/schema\/logo\/image\/"},"sameAs":["https:\/\/www.linkedin.com\/company\/toulouseteaminvest\/posts\/?feedView=all-\/"]}]}},"_links":{"self":[{"href":"https:\/\/www.invest-in-toulouse.fr\/en\/wp-json\/wp\/v2\/pages\/20337","targetHints":{"allow":["GET"]}}],"collection":[{"href":"https:\/\/www.invest-in-toulouse.fr\/en\/wp-json\/wp\/v2\/pages"}],"about":[{"href":"https:\/\/www.invest-in-toulouse.fr\/en\/wp-json\/wp\/v2\/types\/page"}],"author":[{"embeddable":true,"href":"https:\/\/www.invest-in-toulouse.fr\/en\/wp-json\/wp\/v2\/users\/3"}],"replies":[{"embeddable":true,"href":"https:\/\/www.invest-in-toulouse.fr\/en\/wp-json\/wp\/v2\/comments?post=20337"}],"version-history":[{"count":0,"href":"https:\/\/www.invest-in-toulouse.fr\/en\/wp-json\/wp\/v2\/pages\/20337\/revisions"}],"up":[{"embeddable":true,"href":"https:\/\/www.invest-in-toulouse.fr\/en\/wp-json\/wp\/v2\/pages\/20054"}],"wp:featuredmedia":[{"embeddable":true,"href":"https:\/\/www.invest-in-toulouse.fr\/en\/wp-json\/wp\/v2\/media\/20336"}],"wp:attachment":[{"href":"https:\/\/www.invest-in-toulouse.fr\/en\/wp-json\/wp\/v2\/media?parent=20337"}],"wp:term":[{"taxonomy":"post_tag","embeddable":true,"href":"https:\/\/www.invest-in-toulouse.fr\/en\/wp-json\/wp\/v2\/tags?post=20337"}],"curies":[{"name":"wp","href":"https:\/\/api.w.org\/{rel}","templated":true}]}}